{"id":8,"date":"2019-11-27T15:06:40","date_gmt":"2019-11-27T14:06:40","guid":{"rendered":"https:\/\/sandbox.youmi-lausanne.ch\/?page_id=8"},"modified":"2024-02-21T09:08:14","modified_gmt":"2024-02-21T08:08:14","slug":"contact","status":"publish","type":"page","link":"https:\/\/www.youmi-lausanne.ch\/en\/contact\/","title":{"rendered":"Contact"},"content":{"rendered":"<div data-elementor-type=\"wp-page\" data-elementor-id=\"8\" class=\"elementor elementor-8\" data-elementor-post-type=\"page\">\n\t\t\t\t\t\t<section class=\"elementor-section elementor-top-section elementor-element elementor-element-7469feb elementor-section-boxed elementor-section-height-default elementor-section-height-default\" data-id=\"7469feb\" data-element_type=\"section\" data-e-type=\"section\">\n\t\t\t\t\t\t<div class=\"elementor-container elementor-column-gap-default\">\n\t\t\t\t\t<div class=\"elementor-column elementor-col-100 elementor-top-column elementor-element elementor-element-683f7f9\" data-id=\"683f7f9\" data-element_type=\"column\" data-e-type=\"column\">\n\t\t\t<div class=\"elementor-widget-wrap elementor-element-populated\">\n\t\t\t\t\t\t<div class=\"elementor-element elementor-element-4bfc8ad elementor-widget elementor-widget-heading\" data-id=\"4bfc8ad\" data-element_type=\"widget\" data-e-type=\"widget\" data-widget_type=\"heading.default\">\n\t\t\t\t<div class=\"elementor-widget-container\">\n\t\t\t\t\t<h1 class=\"elementor-heading-title elementor-size-default\">Contact<\/h1>\t\t\t\t<\/div>\n\t\t\t\t<\/div>\n\t\t\t\t<section class=\"elementor-section elementor-inner-section elementor-element elementor-element-fb59e52 elementor-section-boxed elementor-section-height-default elementor-section-height-default\" data-id=\"fb59e52\" data-element_type=\"section\" data-e-type=\"section\">\n\t\t\t\t\t\t<div class=\"elementor-container elementor-column-gap-default\">\n\t\t\t\t\t<div class=\"elementor-column elementor-col-50 elementor-inner-column elementor-element elementor-element-076ca0c\" data-id=\"076ca0c\" data-element_type=\"column\" data-e-type=\"column\">\n\t\t\t<div class=\"elementor-widget-wrap elementor-element-populated\">\n\t\t\t\t\t\t<div class=\"elementor-element elementor-element-92e77b2 elementor-widget elementor-widget-heading\" data-id=\"92e77b2\" data-element_type=\"widget\" data-e-type=\"widget\" data-widget_type=\"heading.default\">\n\t\t\t\t<div class=\"elementor-widget-container\">\n\t\t\t\t\t<h2 class=\"elementor-heading-title elementor-size-default\">Email et t\u00e9l\u00e9phones<\/h2>\t\t\t\t<\/div>\n\t\t\t\t<\/div>\n\t\t\t\t<div class=\"elementor-element elementor-element-78de9c6 elementor-align-center elementor-mobile-align-start elementor-icon-list--layout-traditional elementor-list-item-link-full_width elementor-widget elementor-widget-icon-list\" data-id=\"78de9c6\" data-element_type=\"widget\" data-e-type=\"widget\" data-widget_type=\"icon-list.default\">\n\t\t\t\t<div class=\"elementor-widget-container\">\n\t\t\t\t\t\t\t<ul class=\"elementor-icon-list-items\">\n\t\t\t\t\t\t\t<li class=\"elementor-icon-list-item\">\n\t\t\t\t\t\t\t\t\t\t\t<a href=\"mailto:info@youmi-lausanne.ch\">\n\n\t\t\t\t\t\t\t\t\t\t\t\t<span class=\"elementor-icon-list-icon\">\n\t\t\t\t\t\t\t<i aria-hidden=\"true\" class=\"far fa-comments\"><\/i>\t\t\t\t\t\t<\/span>\n\t\t\t\t\t\t\t\t\t\t<span class=\"elementor-icon-list-text\">info@youmi-lausanne.ch<\/span>\n\t\t\t\t\t\t\t\t\t\t\t<\/a>\n\t\t\t\t\t\t\t\t\t<\/li>\n\t\t\t\t\t\t\t\t<li class=\"elementor-icon-list-item\">\n\t\t\t\t\t\t\t\t\t\t\t<span class=\"elementor-icon-list-icon\">\n\t\t\t\t\t\t\t<i aria-hidden=\"true\" class=\"fas fa-phone-alt\"><\/i>\t\t\t\t\t\t<\/span>\n\t\t\t\t\t\t\t\t\t\t<span class=\"elementor-icon-list-text\">\u202d+41 77 525 14 39\u202c<\/span>\n\t\t\t\t\t\t\t\t\t<\/li>\n\t\t\t\t\t\t\t\t<li class=\"elementor-icon-list-item\">\n\t\t\t\t\t\t\t\t\t\t\t<span class=\"elementor-icon-list-icon\">\n\t\t\t\t\t\t\t<i aria-hidden=\"true\" class=\"fas fa-phone-alt\"><\/i>\t\t\t\t\t\t<\/span>\n\t\t\t\t\t\t\t\t\t\t<span class=\"elementor-icon-list-text\">\u202d+41 21 211 27 90\u202c<\/span>\n\t\t\t\t\t\t\t\t\t<\/li>\n\t\t\t\t\t\t<\/ul>\n\t\t\t\t\t\t<\/div>\n\t\t\t\t<\/div>\n\t\t\t\t\t<\/div>\n\t\t<\/div>\n\t\t\t\t<div class=\"elementor-column elementor-col-50 elementor-inner-column elementor-element elementor-element-2860775\" data-id=\"2860775\" data-element_type=\"column\" data-e-type=\"column\">\n\t\t\t<div class=\"elementor-widget-wrap elementor-element-populated\">\n\t\t\t\t\t\t<div class=\"elementor-element elementor-element-b67275a elementor-widget elementor-widget-heading\" data-id=\"b67275a\" data-element_type=\"widget\" data-e-type=\"widget\" data-widget_type=\"heading.default\">\n\t\t\t\t<div class=\"elementor-widget-container\">\n\t\t\t\t\t<h2 class=\"elementor-heading-title elementor-size-default\">On social networks<\/h2>\t\t\t\t<\/div>\n\t\t\t\t<\/div>\n\t\t\t\t<div class=\"elementor-element elementor-element-579dde1 elementor-align-center elementor-mobile-align-start elementor-icon-list--layout-traditional elementor-list-item-link-full_width elementor-widget elementor-widget-icon-list\" data-id=\"579dde1\" data-element_type=\"widget\" data-e-type=\"widget\" data-widget_type=\"icon-list.default\">\n\t\t\t\t<div class=\"elementor-widget-container\">\n\t\t\t\t\t\t\t<ul class=\"elementor-icon-list-items\">\n\t\t\t\t\t\t\t<li class=\"elementor-icon-list-item\">\n\t\t\t\t\t\t\t\t\t\t\t<a href=\"https:\/\/github.com\/youmi-lausanne\">\n\n\t\t\t\t\t\t\t\t\t\t\t\t<span class=\"elementor-icon-list-icon\">\n\t\t\t\t\t\t\t<i aria-hidden=\"true\" class=\"fab fa-github\"><\/i>\t\t\t\t\t\t<\/span>\n\t\t\t\t\t\t\t\t\t\t<span class=\"elementor-icon-list-text\">Youmi's Github<\/span>\n\t\t\t\t\t\t\t\t\t\t\t<\/a>\n\t\t\t\t\t\t\t\t\t<\/li>\n\t\t\t\t\t\t\t\t<li class=\"elementor-icon-list-item\">\n\t\t\t\t\t\t\t\t\t\t\t<a href=\"https:\/\/www.linkedin.com\/company\/youmilausanne\">\n\n\t\t\t\t\t\t\t\t\t\t\t\t<span class=\"elementor-icon-list-icon\">\n\t\t\t\t\t\t\t<i aria-hidden=\"true\" class=\"fab fa-linkedin-in\"><\/i>\t\t\t\t\t\t<\/span>\n\t\t\t\t\t\t\t\t\t\t<span class=\"elementor-icon-list-text\">Youmi's Linkedin<\/span>\n\t\t\t\t\t\t\t\t\t\t\t<\/a>\n\t\t\t\t\t\t\t\t\t<\/li>\n\t\t\t\t\t\t\t\t<li class=\"elementor-icon-list-item\">\n\t\t\t\t\t\t\t\t\t\t\t<a href=\"https:\/\/www.facebook.com\/youmilausanne\">\n\n\t\t\t\t\t\t\t\t\t\t\t\t<span class=\"elementor-icon-list-icon\">\n\t\t\t\t\t\t\t<i aria-hidden=\"true\" class=\"fab fa-facebook-f\"><\/i>\t\t\t\t\t\t<\/span>\n\t\t\t\t\t\t\t\t\t\t<span class=\"elementor-icon-list-text\">Youmi's Facebook<\/span>\n\t\t\t\t\t\t\t\t\t\t\t<\/a>\n\t\t\t\t\t\t\t\t\t<\/li>\n\t\t\t\t\t\t\t\t<li class=\"elementor-icon-list-item\">\n\t\t\t\t\t\t\t\t\t\t\t<a href=\"https:\/\/www.instagram.com\/youmilausanne\/\">\n\n\t\t\t\t\t\t\t\t\t\t\t\t<span class=\"elementor-icon-list-icon\">\n\t\t\t\t\t\t\t<i aria-hidden=\"true\" class=\"fab fa-instagram\"><\/i>\t\t\t\t\t\t<\/span>\n\t\t\t\t\t\t\t\t\t\t<span class=\"elementor-icon-list-text\">Youmi's Instagram<\/span>\n\t\t\t\t\t\t\t\t\t\t\t<\/a>\n\t\t\t\t\t\t\t\t\t<\/li>\n\t\t\t\t\t\t<\/ul>\n\t\t\t\t\t\t<\/div>\n\t\t\t\t<\/div>\n\t\t\t\t\t<\/div>\n\t\t<\/div>\n\t\t\t\t\t<\/div>\n\t\t<\/section>\n\t\t\t\t\t<\/div>\n\t\t<\/div>\n\t\t\t\t\t<\/div>\n\t\t<\/section>\n\t\t\t\t<section class=\"elementor-section elementor-top-section elementor-element elementor-element-6fc1cc9 elementor-section-boxed elementor-section-height-default elementor-section-height-default\" data-id=\"6fc1cc9\" data-element_type=\"section\" data-e-type=\"section\" data-settings=\"{&quot;background_background&quot;:&quot;classic&quot;,&quot;shape_divider_bottom&quot;:&quot;opacity-fan&quot;}\">\n\t\t\t\t\t<div class=\"elementor-shape elementor-shape-bottom\" aria-hidden=\"true\" data-negative=\"false\">\n\t\t\t<svg xmlns=\"http:\/\/www.w3.org\/2000\/svg\" viewbox=\"0 0 283.5 19.6\" preserveaspectratio=\"none\">\n\t<path class=\"elementor-shape-fill\" style=\"opacity:0.33\" d=\"M0 0L0 18.8 141.8 4.1 283.5 18.8 283.5 0z\"\/>\n\t<path class=\"elementor-shape-fill\" style=\"opacity:0.33\" d=\"M0 0L0 12.6 141.8 4 283.5 12.6 283.5 0z\"\/>\n\t<path class=\"elementor-shape-fill\" style=\"opacity:0.33\" d=\"M0 0L0 6.4 141.8 4 283.5 6.4 283.5 0z\"\/>\n\t<path class=\"elementor-shape-fill\" d=\"M0 0L0 1.2 141.8 4 283.5 1.2 283.5 0z\"\/>\n<\/svg>\t\t<\/div>\n\t\t\t\t\t<div class=\"elementor-container elementor-column-gap-default\">\n\t\t\t\t\t<div class=\"elementor-column elementor-col-50 elementor-top-column elementor-element elementor-element-e8bbae8\" data-id=\"e8bbae8\" data-element_type=\"column\" data-e-type=\"column\">\n\t\t\t<div class=\"elementor-widget-wrap elementor-element-populated\">\n\t\t\t\t\t\t<div class=\"elementor-element elementor-element-bd4e18b elementor-widget elementor-widget-image\" data-id=\"bd4e18b\" data-element_type=\"widget\" data-e-type=\"widget\" data-widget_type=\"image.default\">\n\t\t\t\t<div class=\"elementor-widget-container\">\n\t\t\t\t\t\t\t\t\t\t\t\t\t\t\t<img fetchpriority=\"high\" decoding=\"async\" width=\"442\" height=\"908\" src=\"https:\/\/www.youmi-lausanne.ch\/wp-content\/uploads\/2024\/02\/photo_2022-10-24_20-48-54-e1707288317657.jpg\" class=\"attachment-large size-large wp-image-1901\" alt=\"\" srcset=\"https:\/\/www.youmi-lausanne.ch\/wp-content\/uploads\/2024\/02\/photo_2022-10-24_20-48-54-e1707288317657.jpg 442w, https:\/\/www.youmi-lausanne.ch\/wp-content\/uploads\/2024\/02\/photo_2022-10-24_20-48-54-e1707288317657-146x300.jpg 146w, https:\/\/www.youmi-lausanne.ch\/wp-content\/uploads\/2024\/02\/photo_2022-10-24_20-48-54-e1707288317657-6x12.jpg 6w\" sizes=\"(max-width: 442px) 100vw, 442px\" \/>\t\t\t\t\t\t\t\t\t\t\t\t\t\t\t<\/div>\n\t\t\t\t<\/div>\n\t\t\t\t\t<\/div>\n\t\t<\/div>\n\t\t\t\t<div class=\"elementor-column elementor-col-50 elementor-top-column elementor-element elementor-element-f99ec3e\" data-id=\"f99ec3e\" data-element_type=\"column\" data-e-type=\"column\">\n\t\t\t<div class=\"elementor-widget-wrap elementor-element-populated\">\n\t\t\t\t\t\t<div class=\"elementor-element elementor-element-0fdc555 elementor-widget elementor-widget-spacer\" data-id=\"0fdc555\" data-element_type=\"widget\" data-e-type=\"widget\" data-widget_type=\"spacer.default\">\n\t\t\t\t<div class=\"elementor-widget-container\">\n\t\t\t\t\t\t\t<div class=\"elementor-spacer\">\n\t\t\t<div class=\"elementor-spacer-inner\"><\/div>\n\t\t<\/div>\n\t\t\t\t\t\t<\/div>\n\t\t\t\t<\/div>\n\t\t\t\t<div class=\"elementor-element elementor-element-0a8691d elementor-view-default elementor-widget elementor-widget-icon\" data-id=\"0a8691d\" data-element_type=\"widget\" data-e-type=\"widget\" data-widget_type=\"icon.default\">\n\t\t\t\t<div class=\"elementor-widget-container\">\n\t\t\t\t\t\t\t<div class=\"elementor-icon-wrapper\">\n\t\t\t<div class=\"elementor-icon\">\n\t\t\t<i aria-hidden=\"true\" class=\"fas fa-tools\"><\/i>\t\t\t<\/div>\n\t\t<\/div>\n\t\t\t\t\t\t<\/div>\n\t\t\t\t<\/div>\n\t\t\t\t<div class=\"elementor-element elementor-element-1bc6330 elementor-widget elementor-widget-heading\" data-id=\"1bc6330\" data-element_type=\"widget\" data-e-type=\"widget\" data-widget_type=\"heading.default\">\n\t\t\t\t<div class=\"elementor-widget-container\">\n\t\t\t\t\t<h2 class=\"elementor-heading-title elementor-size-default\">Our Office:<\/h2>\t\t\t\t<\/div>\n\t\t\t\t<\/div>\n\t\t\t\t<div class=\"elementor-element elementor-element-880f2be elementor-widget elementor-widget-text-editor\" data-id=\"880f2be\" data-element_type=\"widget\" data-e-type=\"widget\" data-widget_type=\"text-editor.default\">\n\t\t\t\t<div class=\"elementor-widget-container\">\n\t\t\t\t\t\t\t\t\t<p>Our office is located at\u00a0<strong>rue du Jura 7 1004 Lausanne.\u00a0<br \/><\/strong>Our office is located 1er floor right.<\/p><p>Many buses that stop at \"place chaudron\" will perfect to reach our location.<\/p><p>Do not hesitate to contact us to make an appointment.<\/p>\t\t\t\t\t\t\t\t<\/div>\n\t\t\t\t<\/div>\n\t\t\t\t<div class=\"elementor-element elementor-element-5273fd1 elementor-widget elementor-widget-google_maps\" data-id=\"5273fd1\" data-element_type=\"widget\" data-e-type=\"widget\" data-widget_type=\"google_maps.default\">\n\t\t\t\t<div class=\"elementor-widget-container\">\n\t\t\t\t\t\t\t<div class=\"elementor-custom-embed\">\n\t\t\t<iframe loading=\"lazy\"\n\t\t\t\t\tsrc=\"https:\/\/maps.google.com\/maps?q=rue%20du%20jura%207%201004%20Lausanne.%20&#038;t=m&#038;z=15&#038;output=embed&#038;iwloc=near\"\n\t\t\t\t\ttitle=\"rue du jura 7 1004 Lausanne. \"\n\t\t\t\t\taria-label=\"rue du jura 7 1004 Lausanne. \"\n\t\t\t><\/iframe>\n\t\t<\/div>\n\t\t\t\t\t\t<\/div>\n\t\t\t\t<\/div>\n\t\t\t\t<div class=\"elementor-element elementor-element-92bd4ab elementor-widget elementor-widget-spacer\" data-id=\"92bd4ab\" data-element_type=\"widget\" data-e-type=\"widget\" data-widget_type=\"spacer.default\">\n\t\t\t\t<div class=\"elementor-widget-container\">\n\t\t\t\t\t\t\t<div class=\"elementor-spacer\">\n\t\t\t<div class=\"elementor-spacer-inner\"><\/div>\n\t\t<\/div>\n\t\t\t\t\t\t<\/div>\n\t\t\t\t<\/div>\n\t\t\t\t\t<\/div>\n\t\t<\/div>\n\t\t\t\t\t<\/div>\n\t\t<\/section>\n\t\t\t\t<\/div>","protected":false},"excerpt":{"rendered":"<p>Email et t\u00e9l\u00e9phones info@youmi-lausanne.ch \u202d+41 77 525 14 39\u202c \u202d+41 21 211 27 90\u202c Sur les r\u00e9seaux sociaux Github de Youmi Linkedin de Youmi Page facebook de Youmi Instagram de Youmi Notre atelier : Notre atelier est situ\u00e9 au\u00a0rue du Jura 7 1004 Lausanne.\u00a0Notre atelier est au rez-de-chauss\u00e9 droit. De nombreux bus s&rsquo;arr\u00eatant \u00e0 place [&hellip;]<\/p>\n","protected":false},"author":1,"featured_media":0,"parent":0,"menu_order":0,"comment_status":"closed","ping_status":"closed","template":"elementor_header_footer","meta":{"_acf_changed":false,"footnotes":""},"categories":[],"tags":[],"class_list":["post-8","page","type-page","status-publish","hentry"],"acf":[],"yoast_head":"<!-- This site is optimized with the Yoast SEO plugin v27.6 - https:\/\/yoast.com\/product\/yoast-seo-wordpress\/ -->\n<title>Contact - Youmi lausanne<\/title>\n<meta name=\"description\" content=\"Notre atelier est situ\u00e9 au rue du Jura 7 1004 Lausanne. Notre atelier est au rez-de-chauss\u00e9 droit.De nombreux bus s\u2019arr\u00eatant \u00e0 place chaudron vous permettront d\u2019atteindre notre atelierN\u2019h\u00e9sitez pas \u00e0 nous contacter pour prendre rendez-vous.\" \/>\n<meta name=\"robots\" content=\"index, follow, max-snippet:-1, max-image-preview:large, max-video-preview:-1\" \/>\n<link rel=\"canonical\" href=\"https:\/\/www.youmi-lausanne.ch\/en\/contact\/\" \/>\n<meta property=\"og:locale\" content=\"en_US\" \/>\n<meta property=\"og:type\" content=\"article\" \/>\n<meta property=\"og:title\" content=\"Contact - Youmi lausanne\" \/>\n<meta property=\"og:description\" content=\"Notre atelier est situ\u00e9 au rue du Jura 7 1004 Lausanne. Notre atelier est au rez-de-chauss\u00e9 droit.De nombreux bus s\u2019arr\u00eatant \u00e0 place chaudron vous permettront d\u2019atteindre notre atelierN\u2019h\u00e9sitez pas \u00e0 nous contacter pour prendre rendez-vous.\" \/>\n<meta property=\"og:url\" content=\"https:\/\/www.youmi-lausanne.ch\/en\/contact\/\" \/>\n<meta property=\"og:site_name\" content=\"Youmi lausanne\" \/>\n<meta property=\"article:publisher\" content=\"https:\/\/www.facebook.com\/youmilausanne\" \/>\n<meta property=\"article:modified_time\" content=\"2024-02-21T08:08:14+00:00\" \/>\n<meta property=\"og:image\" content=\"https:\/\/www.youmi-lausanne.ch\/wp-content\/uploads\/2024\/02\/photo_2022-10-24_20-48-54-e1707288317657.jpg\" \/>\n<meta name=\"twitter:card\" content=\"summary_large_image\" \/>\n<meta name=\"twitter:label1\" content=\"Est. reading time\" \/>\n\t<meta name=\"twitter:data1\" content=\"1 minute\" \/>\n<script type=\"application\/ld+json\" class=\"yoast-schema-graph\">{\"@context\":\"https:\\\/\\\/schema.org\",\"@graph\":[{\"@type\":[\"WebPage\",\"ContactPage\"],\"@id\":\"https:\\\/\\\/www.youmi-lausanne.ch\\\/contact\\\/\",\"url\":\"https:\\\/\\\/www.youmi-lausanne.ch\\\/contact\\\/\",\"name\":\"Contact - Youmi lausanne\",\"isPartOf\":{\"@id\":\"https:\\\/\\\/www.youmi-lausanne.ch\\\/#website\"},\"primaryImageOfPage\":{\"@id\":\"https:\\\/\\\/www.youmi-lausanne.ch\\\/contact\\\/#primaryimage\"},\"image\":{\"@id\":\"https:\\\/\\\/www.youmi-lausanne.ch\\\/contact\\\/#primaryimage\"},\"thumbnailUrl\":\"https:\\\/\\\/www.youmi-lausanne.ch\\\/wp-content\\\/uploads\\\/2024\\\/02\\\/photo_2022-10-24_20-48-54-e1707288317657.jpg\",\"datePublished\":\"2019-11-27T14:06:40+00:00\",\"dateModified\":\"2024-02-21T08:08:14+00:00\",\"description\":\"Notre atelier est situ\u00e9 au rue du Jura 7 1004 Lausanne. Notre atelier est au rez-de-chauss\u00e9 droit.De nombreux bus s\u2019arr\u00eatant \u00e0 place chaudron vous permettront d\u2019atteindre notre atelierN\u2019h\u00e9sitez pas \u00e0 nous contacter pour prendre rendez-vous.\",\"breadcrumb\":{\"@id\":\"https:\\\/\\\/www.youmi-lausanne.ch\\\/contact\\\/#breadcrumb\"},\"inLanguage\":\"en-US\",\"potentialAction\":[{\"@type\":\"ReadAction\",\"target\":[\"https:\\\/\\\/www.youmi-lausanne.ch\\\/contact\\\/\"]}]},{\"@type\":\"ImageObject\",\"inLanguage\":\"en-US\",\"@id\":\"https:\\\/\\\/www.youmi-lausanne.ch\\\/contact\\\/#primaryimage\",\"url\":\"https:\\\/\\\/www.youmi-lausanne.ch\\\/wp-content\\\/uploads\\\/2024\\\/02\\\/photo_2022-10-24_20-48-54-e1707288317657.jpg\",\"contentUrl\":\"https:\\\/\\\/www.youmi-lausanne.ch\\\/wp-content\\\/uploads\\\/2024\\\/02\\\/photo_2022-10-24_20-48-54-e1707288317657.jpg\"},{\"@type\":\"BreadcrumbList\",\"@id\":\"https:\\\/\\\/www.youmi-lausanne.ch\\\/contact\\\/#breadcrumb\",\"itemListElement\":[{\"@type\":\"ListItem\",\"position\":1,\"name\":\"Accueil\",\"item\":\"https:\\\/\\\/www.youmi-lausanne.ch\\\/\"},{\"@type\":\"ListItem\",\"position\":2,\"name\":\"Contact\"}]},{\"@type\":\"WebSite\",\"@id\":\"https:\\\/\\\/www.youmi-lausanne.ch\\\/#website\",\"url\":\"https:\\\/\\\/www.youmi-lausanne.ch\\\/\",\"name\":\"Youmi lausanne\",\"description\":\"Sans le r\u00eave la technique n&#039;est rien (Jean Tinguely)\",\"publisher\":{\"@id\":\"https:\\\/\\\/www.youmi-lausanne.ch\\\/#organization\"},\"potentialAction\":[{\"@type\":\"SearchAction\",\"target\":{\"@type\":\"EntryPoint\",\"urlTemplate\":\"https:\\\/\\\/www.youmi-lausanne.ch\\\/?s={search_term_string}\"},\"query-input\":{\"@type\":\"PropertyValueSpecification\",\"valueRequired\":true,\"valueName\":\"search_term_string\"}}],\"inLanguage\":\"en-US\"},{\"@type\":\"Organization\",\"@id\":\"https:\\\/\\\/www.youmi-lausanne.ch\\\/#organization\",\"name\":\"Youmi Lausanne\",\"url\":\"https:\\\/\\\/www.youmi-lausanne.ch\\\/\",\"logo\":{\"@type\":\"ImageObject\",\"inLanguage\":\"en-US\",\"@id\":\"https:\\\/\\\/www.youmi-lausanne.ch\\\/#\\\/schema\\\/logo\\\/image\\\/\",\"url\":\"https:\\\/\\\/www.youmi-lausanne.ch\\\/wp-content\\\/uploads\\\/2019\\\/11\\\/logowtransp-1.png\",\"contentUrl\":\"https:\\\/\\\/www.youmi-lausanne.ch\\\/wp-content\\\/uploads\\\/2019\\\/11\\\/logowtransp-1.png\",\"width\":551,\"height\":551,\"caption\":\"Youmi Lausanne\"},\"image\":{\"@id\":\"https:\\\/\\\/www.youmi-lausanne.ch\\\/#\\\/schema\\\/logo\\\/image\\\/\"},\"sameAs\":[\"https:\\\/\\\/www.facebook.com\\\/youmilausanne\",\"https:\\\/\\\/www.instagram.com\\\/youmilausanne\\\/\",\"https:\\\/\\\/www.linkedin.com\\\/company\\\/youmilausanne\"]}]}<\/script>\n<!-- \/ Yoast SEO plugin. -->","yoast_head_json":{"title":"Contact - Youmi lausanne","description":"Notre atelier est situ\u00e9 au rue du Jura 7 1004 Lausanne. Notre atelier est au rez-de-chauss\u00e9 droit.De nombreux bus s\u2019arr\u00eatant \u00e0 place chaudron vous permettront d\u2019atteindre notre atelierN\u2019h\u00e9sitez pas \u00e0 nous contacter pour prendre rendez-vous.","robots":{"index":"index","follow":"follow","max-snippet":"max-snippet:-1","max-image-preview":"max-image-preview:large","max-video-preview":"max-video-preview:-1"},"canonical":"https:\/\/www.youmi-lausanne.ch\/en\/contact\/","og_locale":"en_US","og_type":"article","og_title":"Contact - Youmi lausanne","og_description":"Notre atelier est situ\u00e9 au rue du Jura 7 1004 Lausanne. Notre atelier est au rez-de-chauss\u00e9 droit.De nombreux bus s\u2019arr\u00eatant \u00e0 place chaudron vous permettront d\u2019atteindre notre atelierN\u2019h\u00e9sitez pas \u00e0 nous contacter pour prendre rendez-vous.","og_url":"https:\/\/www.youmi-lausanne.ch\/en\/contact\/","og_site_name":"Youmi lausanne","article_publisher":"https:\/\/www.facebook.com\/youmilausanne","article_modified_time":"2024-02-21T08:08:14+00:00","og_image":[{"url":"https:\/\/www.youmi-lausanne.ch\/wp-content\/uploads\/2024\/02\/photo_2022-10-24_20-48-54-e1707288317657.jpg","type":"","width":"","height":""}],"twitter_card":"summary_large_image","twitter_misc":{"Est. reading time":"1 minute"},"schema":{"@context":"https:\/\/schema.org","@graph":[{"@type":["WebPage","ContactPage"],"@id":"https:\/\/www.youmi-lausanne.ch\/contact\/","url":"https:\/\/www.youmi-lausanne.ch\/contact\/","name":"Contact - Youmi lausanne","isPartOf":{"@id":"https:\/\/www.youmi-lausanne.ch\/#website"},"primaryImageOfPage":{"@id":"https:\/\/www.youmi-lausanne.ch\/contact\/#primaryimage"},"image":{"@id":"https:\/\/www.youmi-lausanne.ch\/contact\/#primaryimage"},"thumbnailUrl":"https:\/\/www.youmi-lausanne.ch\/wp-content\/uploads\/2024\/02\/photo_2022-10-24_20-48-54-e1707288317657.jpg","datePublished":"2019-11-27T14:06:40+00:00","dateModified":"2024-02-21T08:08:14+00:00","description":"Notre atelier est situ\u00e9 au rue du Jura 7 1004 Lausanne. Notre atelier est au rez-de-chauss\u00e9 droit.De nombreux bus s\u2019arr\u00eatant \u00e0 place chaudron vous permettront d\u2019atteindre notre atelierN\u2019h\u00e9sitez pas \u00e0 nous contacter pour prendre rendez-vous.","breadcrumb":{"@id":"https:\/\/www.youmi-lausanne.ch\/contact\/#breadcrumb"},"inLanguage":"en-US","potentialAction":[{"@type":"ReadAction","target":["https:\/\/www.youmi-lausanne.ch\/contact\/"]}]},{"@type":"ImageObject","inLanguage":"en-US","@id":"https:\/\/www.youmi-lausanne.ch\/contact\/#primaryimage","url":"https:\/\/www.youmi-lausanne.ch\/wp-content\/uploads\/2024\/02\/photo_2022-10-24_20-48-54-e1707288317657.jpg","contentUrl":"https:\/\/www.youmi-lausanne.ch\/wp-content\/uploads\/2024\/02\/photo_2022-10-24_20-48-54-e1707288317657.jpg"},{"@type":"BreadcrumbList","@id":"https:\/\/www.youmi-lausanne.ch\/contact\/#breadcrumb","itemListElement":[{"@type":"ListItem","position":1,"name":"Accueil","item":"https:\/\/www.youmi-lausanne.ch\/"},{"@type":"ListItem","position":2,"name":"Contact"}]},{"@type":"WebSite","@id":"https:\/\/www.youmi-lausanne.ch\/#website","url":"https:\/\/www.youmi-lausanne.ch\/","name":"Youmi lausanne","description":"Sans le r\u00eave la technique n&#039;est rien (Jean Tinguely)","publisher":{"@id":"https:\/\/www.youmi-lausanne.ch\/#organization"},"potentialAction":[{"@type":"SearchAction","target":{"@type":"EntryPoint","urlTemplate":"https:\/\/www.youmi-lausanne.ch\/?s={search_term_string}"},"query-input":{"@type":"PropertyValueSpecification","valueRequired":true,"valueName":"search_term_string"}}],"inLanguage":"en-US"},{"@type":"Organization","@id":"https:\/\/www.youmi-lausanne.ch\/#organization","name":"Youmi Lausanne","url":"https:\/\/www.youmi-lausanne.ch\/","logo":{"@type":"ImageObject","inLanguage":"en-US","@id":"https:\/\/www.youmi-lausanne.ch\/#\/schema\/logo\/image\/","url":"https:\/\/www.youmi-lausanne.ch\/wp-content\/uploads\/2019\/11\/logowtransp-1.png","contentUrl":"https:\/\/www.youmi-lausanne.ch\/wp-content\/uploads\/2019\/11\/logowtransp-1.png","width":551,"height":551,"caption":"Youmi Lausanne"},"image":{"@id":"https:\/\/www.youmi-lausanne.ch\/#\/schema\/logo\/image\/"},"sameAs":["https:\/\/www.facebook.com\/youmilausanne","https:\/\/www.instagram.com\/youmilausanne\/","https:\/\/www.linkedin.com\/company\/youmilausanne"]}]}},"_links":{"self":[{"href":"https:\/\/www.youmi-lausanne.ch\/en\/wp-json\/wp\/v2\/pages\/8","targetHints":{"allow":["GET"]}}],"collection":[{"href":"https:\/\/www.youmi-lausanne.ch\/en\/wp-json\/wp\/v2\/pages"}],"about":[{"href":"https:\/\/www.youmi-lausanne.ch\/en\/wp-json\/wp\/v2\/types\/page"}],"author":[{"embeddable":true,"href":"https:\/\/www.youmi-lausanne.ch\/en\/wp-json\/wp\/v2\/users\/1"}],"replies":[{"embeddable":true,"href":"https:\/\/www.youmi-lausanne.ch\/en\/wp-json\/wp\/v2\/comments?post=8"}],"version-history":[{"count":0,"href":"https:\/\/www.youmi-lausanne.ch\/en\/wp-json\/wp\/v2\/pages\/8\/revisions"}],"wp:attachment":[{"href":"https:\/\/www.youmi-lausanne.ch\/en\/wp-json\/wp\/v2\/media?parent=8"}],"wp:term":[{"taxonomy":"category","embeddable":true,"href":"https:\/\/www.youmi-lausanne.ch\/en\/wp-json\/wp\/v2\/categories?post=8"},{"taxonomy":"post_tag","embeddable":true,"href":"https:\/\/www.youmi-lausanne.ch\/en\/wp-json\/wp\/v2\/tags?post=8"}],"curies":[{"name":"wp","href":"https:\/\/api.w.org\/{rel}","templated":true}]}}