{"id":765,"date":"2023-08-27T15:43:04","date_gmt":"2023-08-27T13:43:04","guid":{"rendered":"https:\/\/wrk.youmi-lausanne.ch\/?page_id=765"},"modified":"2024-01-28T15:57:44","modified_gmt":"2024-01-28T14:57:44","slug":"latelier-youmi","status":"publish","type":"page","link":"https:\/\/www.youmi-lausanne.ch\/en\/latelier-youmi\/","title":{"rendered":"Formations et ateliers"},"content":{"rendered":"<div data-elementor-type=\"wp-page\" data-elementor-id=\"765\" class=\"elementor elementor-765\" data-elementor-post-type=\"page\">\n\t\t\t\t\t\t<section class=\"elementor-section elementor-top-section elementor-element elementor-element-35b2bbb elementor-section-boxed elementor-section-height-default elementor-section-height-default\" data-id=\"35b2bbb\" data-element_type=\"section\" data-e-type=\"section\">\n\t\t\t\t\t\t<div class=\"elementor-container elementor-column-gap-default\">\n\t\t\t\t\t<div class=\"elementor-column elementor-col-100 elementor-top-column elementor-element elementor-element-e7b70dc\" data-id=\"e7b70dc\" data-element_type=\"column\" data-e-type=\"column\">\n\t\t\t<div class=\"elementor-widget-wrap elementor-element-populated\">\n\t\t\t\t\t\t<div class=\"elementor-element elementor-element-107b67c elementor-widget elementor-widget-text-editor\" data-id=\"107b67c\" data-element_type=\"widget\" data-e-type=\"widget\" data-widget_type=\"text-editor.default\">\n\t\t\t\t<div class=\"elementor-widget-container\">\n\t\t\t\t\t\t\t\t\t<p>Nous d\u00e9veloppons des formations techniques et animons des ateliers scientifiques. <\/p>\n<h3>Programmes de formation (sur demande)<br><\/h3>\n<ul>\n<li><b>Informatique :<\/b> Bash, Git, Python, Data management\u2026<\/li>\n<li><b>Technique :<\/b> Impression 3D, Scan 3D, Raspberry Pi &amp; Arduino<\/li>\n<\/ul>\t\t\t\t\t\t\t\t<\/div>\n\t\t\t\t<\/div>\n\t\t\t\t\t<\/div>\n\t\t<\/div>\n\t\t\t\t\t<\/div>\n\t\t<\/section>\n\t\t\t\t<section class=\"elementor-section elementor-top-section elementor-element elementor-element-a5756f6 elementor-section-boxed elementor-section-height-default elementor-section-height-default\" data-id=\"a5756f6\" data-element_type=\"section\" data-e-type=\"section\">\n\t\t\t\t\t\t<div class=\"elementor-container elementor-column-gap-default\">\n\t\t\t\t\t<div class=\"elementor-column elementor-col-100 elementor-top-column elementor-element elementor-element-d76265b\" data-id=\"d76265b\" data-element_type=\"column\" data-e-type=\"column\">\n\t\t\t<div class=\"elementor-widget-wrap elementor-element-populated\">\n\t\t\t\t\t\t<div class=\"elementor-element elementor-element-7c6dbe9 elementor-grid-3 elementor-grid-tablet-2 elementor-grid-mobile-1 elementor-posts--thumbnail-top elementor-widget elementor-widget-posts\" data-id=\"7c6dbe9\" data-element_type=\"widget\" data-e-type=\"widget\" data-settings=\"{&quot;classic_columns&quot;:&quot;3&quot;,&quot;classic_columns_tablet&quot;:&quot;2&quot;,&quot;classic_columns_mobile&quot;:&quot;1&quot;,&quot;classic_row_gap&quot;:{&quot;unit&quot;:&quot;px&quot;,&quot;size&quot;:35,&quot;sizes&quot;:[]},&quot;classic_row_gap_tablet&quot;:{&quot;unit&quot;:&quot;px&quot;,&quot;size&quot;:&quot;&quot;,&quot;sizes&quot;:[]},&quot;classic_row_gap_mobile&quot;:{&quot;unit&quot;:&quot;px&quot;,&quot;size&quot;:&quot;&quot;,&quot;sizes&quot;:[]}}\" data-widget_type=\"posts.classic\">\n\t\t\t\t<div class=\"elementor-widget-container\">\n\t\t\t\t\t\t\t<div class=\"elementor-posts-container elementor-posts elementor-posts--skin-classic elementor-grid\" role=\"list\">\n\t\t\t\t<article class=\"elementor-post elementor-grid-item post-1624 post type-post status-publish format-standard hentry category-non-classe\" role=\"listitem\">\n\t\t\t\t<div class=\"elementor-post__text\">\n\t\t\t\t<h3 class=\"elementor-post__title\">\n\t\t\t<a href=\"https:\/\/www.youmi-lausanne.ch\/en\/git-github-how-to-use-versioning-system\/\" >\n\t\t\t\tGit, Github\u2026 How to use Versioning system\t\t\t<\/a>\n\t\t<\/h3>\n\t\t\n\t\t<a class=\"elementor-post__read-more\" href=\"https:\/\/www.youmi-lausanne.ch\/en\/git-github-how-to-use-versioning-system\/\" aria-label=\"Read more about Git, Github\u2026 How to use Versioning system\" tabindex=\"-1\" >\n\t\t\tLire la suite \u00bb\t\t<\/a>\n\n\t\t\t\t<\/div>\n\t\t\t\t<\/article>\n\t\t\t\t<\/div>\n\t\t\n\t\t\t\t\t\t<\/div>\n\t\t\t\t<\/div>\n\t\t\t\t\t<\/div>\n\t\t<\/div>\n\t\t\t\t\t<\/div>\n\t\t<\/section>\n\t\t\t\t<section class=\"elementor-section elementor-top-section elementor-element elementor-element-3130268 elementor-section-boxed elementor-section-height-default elementor-section-height-default\" data-id=\"3130268\" data-element_type=\"section\" data-e-type=\"section\">\n\t\t\t\t\t\t<div class=\"elementor-container elementor-column-gap-default\">\n\t\t\t\t\t<div class=\"elementor-column elementor-col-100 elementor-top-column elementor-element elementor-element-ad14348\" data-id=\"ad14348\" data-element_type=\"column\" data-e-type=\"column\">\n\t\t\t<div class=\"elementor-widget-wrap elementor-element-populated\">\n\t\t\t\t\t\t<div class=\"elementor-element elementor-element-4d43cc0 elementor-widget elementor-widget-text-editor\" data-id=\"4d43cc0\" data-element_type=\"widget\" data-e-type=\"widget\" data-widget_type=\"text-editor.default\">\n\t\t\t\t<div class=\"elementor-widget-container\">\n\t\t\t\t\t\t\t\t\t<h2>Ateliers scientifiques<\/h2><p><b>Ateliers de fabrication et de d\u00e9couverte des machines et mat\u00e9riaux qui se trouvent dans l&rsquo;atelier YOUMI (d\u00e9coupe laser, imprimante et scanner 3D\u2026) pour enfants ou adultes <\/b>: les participantes et participants construisent un objet original accompagn\u00e9 de formateurs.\u00a0 Ils repartent avec l\u2019objet et de nouvelles comp\u00e9tences.<\/p>\t\t\t\t\t\t\t\t<\/div>\n\t\t\t\t<\/div>\n\t\t\t\t\t<\/div>\n\t\t<\/div>\n\t\t\t\t\t<\/div>\n\t\t<\/section>\n\t\t\t\t<section class=\"elementor-section elementor-top-section elementor-element elementor-element-c5638f1 elementor-section-boxed elementor-section-height-default elementor-section-height-default\" data-id=\"c5638f1\" data-element_type=\"section\" data-e-type=\"section\">\n\t\t\t\t\t\t<div class=\"elementor-container elementor-column-gap-default\">\n\t\t\t\t\t<div class=\"elementor-column elementor-col-100 elementor-top-column elementor-element elementor-element-9a3004b\" data-id=\"9a3004b\" data-element_type=\"column\" data-e-type=\"column\">\n\t\t\t<div class=\"elementor-widget-wrap elementor-element-populated\">\n\t\t\t\t\t\t<div class=\"elementor-element elementor-element-0c319d5 elementor-grid-3 elementor-grid-tablet-2 elementor-grid-mobile-1 elementor-posts--thumbnail-top elementor-widget elementor-widget-posts\" data-id=\"0c319d5\" data-element_type=\"widget\" data-e-type=\"widget\" data-settings=\"{&quot;classic_columns&quot;:&quot;3&quot;,&quot;classic_columns_tablet&quot;:&quot;2&quot;,&quot;classic_columns_mobile&quot;:&quot;1&quot;,&quot;classic_row_gap&quot;:{&quot;unit&quot;:&quot;px&quot;,&quot;size&quot;:35,&quot;sizes&quot;:[]},&quot;classic_row_gap_tablet&quot;:{&quot;unit&quot;:&quot;px&quot;,&quot;size&quot;:&quot;&quot;,&quot;sizes&quot;:[]},&quot;classic_row_gap_mobile&quot;:{&quot;unit&quot;:&quot;px&quot;,&quot;size&quot;:&quot;&quot;,&quot;sizes&quot;:[]}}\" data-widget_type=\"posts.classic\">\n\t\t\t\t<div class=\"elementor-widget-container\">\n\t\t\t\t\t\t\t<div class=\"elementor-posts-container elementor-posts elementor-posts--skin-classic elementor-grid\" role=\"list\">\n\t\t\t\t<article class=\"elementor-post elementor-grid-item post-1636 post type-post status-publish format-standard hentry category-non-classe\" role=\"listitem\">\n\t\t\t\t<div class=\"elementor-post__text\">\n\t\t\t\t<h3 class=\"elementor-post__title\">\n\t\t\t<a href=\"https:\/\/www.youmi-lausanne.ch\/en\/ateliers-de-robotique-pour-enfants-construisez-et-donnez-vie-a-vos-creatures-imaginaires\/\" >\n\t\t\t\tAteliers de robotique pour enfants : construisez et donnez vie \u00e0 vos cr\u00e9atures imaginaires!\t\t\t<\/a>\n\t\t<\/h3>\n\t\t\t\t<div class=\"elementor-post__meta-data\">\n\t\t\t\t\t<span class=\"elementor-post-date\">\n\t\t\t28 January 2024\t\t<\/span>\n\t\t\t\t<\/div>\n\t\t\n\t\t<a class=\"elementor-post__read-more\" href=\"https:\/\/www.youmi-lausanne.ch\/en\/ateliers-de-robotique-pour-enfants-construisez-et-donnez-vie-a-vos-creatures-imaginaires\/\" aria-label=\"Read more about Ateliers de robotique pour enfants : construisez et donnez vie \u00e0 vos cr\u00e9atures imaginaires!\" tabindex=\"-1\" >\n\t\t\tLire la suite \u00bb\t\t<\/a>\n\n\t\t\t\t<\/div>\n\t\t\t\t<\/article>\n\t\t\t\t<\/div>\n\t\t\n\t\t\t\t\t\t<\/div>\n\t\t\t\t<\/div>\n\t\t\t\t\t<\/div>\n\t\t<\/div>\n\t\t\t\t\t<\/div>\n\t\t<\/section>\n\t\t\t\t<section class=\"elementor-section elementor-top-section elementor-element elementor-element-0964fb9 elementor-section-boxed elementor-section-height-default elementor-section-height-default\" data-id=\"0964fb9\" data-element_type=\"section\" data-e-type=\"section\">\n\t\t\t\t\t\t<div class=\"elementor-container elementor-column-gap-default\">\n\t\t\t\t\t<div class=\"elementor-column elementor-col-100 elementor-top-column elementor-element elementor-element-8cff178\" data-id=\"8cff178\" data-element_type=\"column\" data-e-type=\"column\">\n\t\t\t<div class=\"elementor-widget-wrap elementor-element-populated\">\n\t\t\t\t\t\t<div class=\"elementor-element elementor-element-e5bbd88 elementor-widget elementor-widget-gallery\" data-id=\"e5bbd88\" data-element_type=\"widget\" data-e-type=\"widget\" data-settings=\"{&quot;lazyload&quot;:&quot;yes&quot;,&quot;gallery_layout&quot;:&quot;grid&quot;,&quot;columns&quot;:4,&quot;columns_tablet&quot;:2,&quot;columns_mobile&quot;:1,&quot;gap&quot;:{&quot;unit&quot;:&quot;px&quot;,&quot;size&quot;:10,&quot;sizes&quot;:[]},&quot;gap_tablet&quot;:{&quot;unit&quot;:&quot;px&quot;,&quot;size&quot;:10,&quot;sizes&quot;:[]},&quot;gap_mobile&quot;:{&quot;unit&quot;:&quot;px&quot;,&quot;size&quot;:10,&quot;sizes&quot;:[]},&quot;link_to&quot;:&quot;file&quot;,&quot;aspect_ratio&quot;:&quot;3:2&quot;,&quot;overlay_background&quot;:&quot;yes&quot;,&quot;content_hover_animation&quot;:&quot;fade-in&quot;}\" data-widget_type=\"gallery.default\">\n\t\t\t\t<div class=\"elementor-widget-container\">\n\t\t\t\t\t\t\t<div class=\"elementor-gallery__container\">\n\t\t\t\t\t\t\t<a class=\"e-gallery-item elementor-gallery-item elementor-animated-content\" href=\"https:\/\/www.youmi-lausanne.ch\/wp-content\/uploads\/2024\/01\/4.png\" data-elementor-open-lightbox=\"yes\" data-elementor-lightbox-slideshow=\"e5bbd88\" data-elementor-lightbox-title=\"4\" data-e-action-hash=\"#elementor-action%3Aaction%3Dlightbox%26settings%3DeyJpZCI6MTY1MCwidXJsIjoiaHR0cHM6XC9cL3d3dy55b3VtaS1sYXVzYW5uZS5jaFwvd3AtY29udGVudFwvdXBsb2Fkc1wvMjAyNFwvMDFcLzQucG5nIiwic2xpZGVzaG93IjoiZTViYmQ4OCJ9\">\n\t\t\t\t\t<div class=\"e-gallery-image elementor-gallery-item__image\" data-thumbnail=\"https:\/\/www.youmi-lausanne.ch\/wp-content\/uploads\/2024\/01\/4-300x300.png\" data-width=\"300\" data-height=\"300\" aria-label=\"\" role=\"img\" ><\/div>\n\t\t\t\t\t\t\t\t\t\t\t<div class=\"elementor-gallery-item__overlay\"><\/div>\n\t\t\t\t\t\t\t\t\t\t\t\t\t\t<\/a>\n\t\t\t\t\t\t\t<a class=\"e-gallery-item elementor-gallery-item elementor-animated-content\" href=\"https:\/\/www.youmi-lausanne.ch\/wp-content\/uploads\/2024\/01\/3.png\" data-elementor-open-lightbox=\"yes\" data-elementor-lightbox-slideshow=\"e5bbd88\" data-elementor-lightbox-title=\"3\" data-e-action-hash=\"#elementor-action%3Aaction%3Dlightbox%26settings%3DeyJpZCI6MTY0OSwidXJsIjoiaHR0cHM6XC9cL3d3dy55b3VtaS1sYXVzYW5uZS5jaFwvd3AtY29udGVudFwvdXBsb2Fkc1wvMjAyNFwvMDFcLzMucG5nIiwic2xpZGVzaG93IjoiZTViYmQ4OCJ9\">\n\t\t\t\t\t<div class=\"e-gallery-image elementor-gallery-item__image\" data-thumbnail=\"https:\/\/www.youmi-lausanne.ch\/wp-content\/uploads\/2024\/01\/3-300x300.png\" data-width=\"300\" data-height=\"300\" aria-label=\"\" role=\"img\" ><\/div>\n\t\t\t\t\t\t\t\t\t\t\t<div class=\"elementor-gallery-item__overlay\"><\/div>\n\t\t\t\t\t\t\t\t\t\t\t\t\t\t<\/a>\n\t\t\t\t\t\t\t<a class=\"e-gallery-item elementor-gallery-item elementor-animated-content\" href=\"https:\/\/www.youmi-lausanne.ch\/wp-content\/uploads\/2024\/01\/2.png\" data-elementor-open-lightbox=\"yes\" data-elementor-lightbox-slideshow=\"e5bbd88\" data-elementor-lightbox-title=\"2\" data-e-action-hash=\"#elementor-action%3Aaction%3Dlightbox%26settings%3DeyJpZCI6MTY0OCwidXJsIjoiaHR0cHM6XC9cL3d3dy55b3VtaS1sYXVzYW5uZS5jaFwvd3AtY29udGVudFwvdXBsb2Fkc1wvMjAyNFwvMDFcLzIucG5nIiwic2xpZGVzaG93IjoiZTViYmQ4OCJ9\">\n\t\t\t\t\t<div class=\"e-gallery-image elementor-gallery-item__image\" data-thumbnail=\"https:\/\/www.youmi-lausanne.ch\/wp-content\/uploads\/2024\/01\/2-300x300.png\" data-width=\"300\" data-height=\"300\" aria-label=\"\" role=\"img\" ><\/div>\n\t\t\t\t\t\t\t\t\t\t\t<div class=\"elementor-gallery-item__overlay\"><\/div>\n\t\t\t\t\t\t\t\t\t\t\t\t\t\t<\/a>\n\t\t\t\t\t\t\t<a class=\"e-gallery-item elementor-gallery-item elementor-animated-content\" href=\"https:\/\/www.youmi-lausanne.ch\/wp-content\/uploads\/2024\/01\/1.png\" data-elementor-open-lightbox=\"yes\" data-elementor-lightbox-slideshow=\"e5bbd88\" data-elementor-lightbox-title=\"1\" data-e-action-hash=\"#elementor-action%3Aaction%3Dlightbox%26settings%3DeyJpZCI6MTY0NywidXJsIjoiaHR0cHM6XC9cL3d3dy55b3VtaS1sYXVzYW5uZS5jaFwvd3AtY29udGVudFwvdXBsb2Fkc1wvMjAyNFwvMDFcLzEucG5nIiwic2xpZGVzaG93IjoiZTViYmQ4OCJ9\">\n\t\t\t\t\t<div class=\"e-gallery-image elementor-gallery-item__image\" data-thumbnail=\"https:\/\/www.youmi-lausanne.ch\/wp-content\/uploads\/2024\/01\/1-300x300.png\" data-width=\"300\" data-height=\"300\" aria-label=\"\" role=\"img\" ><\/div>\n\t\t\t\t\t\t\t\t\t\t\t<div class=\"elementor-gallery-item__overlay\"><\/div>\n\t\t\t\t\t\t\t\t\t\t\t\t\t\t<\/a>\n\t\t\t\t\t<\/div>\n\t\t\t\t\t<\/div>\n\t\t\t\t<\/div>\n\t\t\t\t\t<\/div>\n\t\t<\/div>\n\t\t\t\t\t<\/div>\n\t\t<\/section>\n\t\t\t\t<\/div>","protected":false},"excerpt":{"rendered":"<p>Nous d\u00e9veloppons des formations techniques et animons des ateliers scientifiques. Programmes de formation (sur demande) Informatique : Bash, Git, Python, Data management\u2026 Technique : Impression<\/p>","protected":false},"author":3,"featured_media":0,"parent":0,"menu_order":0,"comment_status":"closed","ping_status":"closed","template":"","meta":{"_acf_changed":false,"footnotes":""},"categories":[],"tags":[],"class_list":["post-765","page","type-page","status-publish","hentry"],"acf":[],"yoast_head":"<!-- This site is optimized with the Yoast SEO plugin v27.6 - https:\/\/yoast.com\/product\/yoast-seo-wordpress\/ -->\n<title>Formations et ateliers - Youmi lausanne<\/title>\n<meta name=\"robots\" content=\"index, follow, max-snippet:-1, max-image-preview:large, max-video-preview:-1\" \/>\n<link rel=\"canonical\" href=\"https:\/\/www.youmi-lausanne.ch\/en\/latelier-youmi\/\" \/>\n<meta property=\"og:locale\" content=\"en_US\" \/>\n<meta property=\"og:type\" content=\"article\" \/>\n<meta property=\"og:title\" content=\"Formations et ateliers - Youmi lausanne\" \/>\n<meta property=\"og:description\" content=\"Nous d\u00e9veloppons des formations techniques et animons des ateliers scientifiques. Programmes de formation (sur demande) Informatique : Bash, Git, Python, Data management\u2026 Technique : Impression\" \/>\n<meta property=\"og:url\" content=\"https:\/\/www.youmi-lausanne.ch\/en\/latelier-youmi\/\" \/>\n<meta property=\"og:site_name\" content=\"Youmi lausanne\" \/>\n<meta property=\"article:publisher\" content=\"https:\/\/www.facebook.com\/youmilausanne\" \/>\n<meta property=\"article:modified_time\" content=\"2024-01-28T14:57:44+00:00\" \/>\n<meta name=\"twitter:card\" content=\"summary_large_image\" \/>\n<meta name=\"twitter:label1\" content=\"Est. reading time\" \/>\n\t<meta name=\"twitter:data1\" content=\"1 minute\" \/>\n<script type=\"application\/ld+json\" class=\"yoast-schema-graph\">{\"@context\":\"https:\\\/\\\/schema.org\",\"@graph\":[{\"@type\":\"WebPage\",\"@id\":\"https:\\\/\\\/www.youmi-lausanne.ch\\\/latelier-youmi\\\/\",\"url\":\"https:\\\/\\\/www.youmi-lausanne.ch\\\/latelier-youmi\\\/\",\"name\":\"Formations et ateliers - Youmi lausanne\",\"isPartOf\":{\"@id\":\"https:\\\/\\\/www.youmi-lausanne.ch\\\/#website\"},\"datePublished\":\"2023-08-27T13:43:04+00:00\",\"dateModified\":\"2024-01-28T14:57:44+00:00\",\"breadcrumb\":{\"@id\":\"https:\\\/\\\/www.youmi-lausanne.ch\\\/latelier-youmi\\\/#breadcrumb\"},\"inLanguage\":\"en-US\",\"potentialAction\":[{\"@type\":\"ReadAction\",\"target\":[\"https:\\\/\\\/www.youmi-lausanne.ch\\\/latelier-youmi\\\/\"]}]},{\"@type\":\"BreadcrumbList\",\"@id\":\"https:\\\/\\\/www.youmi-lausanne.ch\\\/latelier-youmi\\\/#breadcrumb\",\"itemListElement\":[{\"@type\":\"ListItem\",\"position\":1,\"name\":\"Accueil\",\"item\":\"https:\\\/\\\/www.youmi-lausanne.ch\\\/\"},{\"@type\":\"ListItem\",\"position\":2,\"name\":\"Formations et ateliers\"}]},{\"@type\":\"WebSite\",\"@id\":\"https:\\\/\\\/www.youmi-lausanne.ch\\\/#website\",\"url\":\"https:\\\/\\\/www.youmi-lausanne.ch\\\/\",\"name\":\"Youmi lausanne\",\"description\":\"Sans le r\u00eave la technique n&#039;est rien (Jean Tinguely)\",\"publisher\":{\"@id\":\"https:\\\/\\\/www.youmi-lausanne.ch\\\/#organization\"},\"potentialAction\":[{\"@type\":\"SearchAction\",\"target\":{\"@type\":\"EntryPoint\",\"urlTemplate\":\"https:\\\/\\\/www.youmi-lausanne.ch\\\/?s={search_term_string}\"},\"query-input\":{\"@type\":\"PropertyValueSpecification\",\"valueRequired\":true,\"valueName\":\"search_term_string\"}}],\"inLanguage\":\"en-US\"},{\"@type\":\"Organization\",\"@id\":\"https:\\\/\\\/www.youmi-lausanne.ch\\\/#organization\",\"name\":\"Youmi Lausanne\",\"url\":\"https:\\\/\\\/www.youmi-lausanne.ch\\\/\",\"logo\":{\"@type\":\"ImageObject\",\"inLanguage\":\"en-US\",\"@id\":\"https:\\\/\\\/www.youmi-lausanne.ch\\\/#\\\/schema\\\/logo\\\/image\\\/\",\"url\":\"https:\\\/\\\/www.youmi-lausanne.ch\\\/wp-content\\\/uploads\\\/2019\\\/11\\\/logowtransp-1.png\",\"contentUrl\":\"https:\\\/\\\/www.youmi-lausanne.ch\\\/wp-content\\\/uploads\\\/2019\\\/11\\\/logowtransp-1.png\",\"width\":551,\"height\":551,\"caption\":\"Youmi Lausanne\"},\"image\":{\"@id\":\"https:\\\/\\\/www.youmi-lausanne.ch\\\/#\\\/schema\\\/logo\\\/image\\\/\"},\"sameAs\":[\"https:\\\/\\\/www.facebook.com\\\/youmilausanne\",\"https:\\\/\\\/www.instagram.com\\\/youmilausanne\\\/\",\"https:\\\/\\\/www.linkedin.com\\\/company\\\/youmilausanne\"]}]}<\/script>\n<!-- \/ Yoast SEO plugin. -->","yoast_head_json":{"title":"Formations et ateliers - Youmi lausanne","robots":{"index":"index","follow":"follow","max-snippet":"max-snippet:-1","max-image-preview":"max-image-preview:large","max-video-preview":"max-video-preview:-1"},"canonical":"https:\/\/www.youmi-lausanne.ch\/en\/latelier-youmi\/","og_locale":"en_US","og_type":"article","og_title":"Formations et ateliers - Youmi lausanne","og_description":"Nous d\u00e9veloppons des formations techniques et animons des ateliers scientifiques. Programmes de formation (sur demande) Informatique : Bash, Git, Python, Data management\u2026 Technique : Impression","og_url":"https:\/\/www.youmi-lausanne.ch\/en\/latelier-youmi\/","og_site_name":"Youmi lausanne","article_publisher":"https:\/\/www.facebook.com\/youmilausanne","article_modified_time":"2024-01-28T14:57:44+00:00","twitter_card":"summary_large_image","twitter_misc":{"Est. reading time":"1 minute"},"schema":{"@context":"https:\/\/schema.org","@graph":[{"@type":"WebPage","@id":"https:\/\/www.youmi-lausanne.ch\/latelier-youmi\/","url":"https:\/\/www.youmi-lausanne.ch\/latelier-youmi\/","name":"Formations et ateliers - Youmi lausanne","isPartOf":{"@id":"https:\/\/www.youmi-lausanne.ch\/#website"},"datePublished":"2023-08-27T13:43:04+00:00","dateModified":"2024-01-28T14:57:44+00:00","breadcrumb":{"@id":"https:\/\/www.youmi-lausanne.ch\/latelier-youmi\/#breadcrumb"},"inLanguage":"en-US","potentialAction":[{"@type":"ReadAction","target":["https:\/\/www.youmi-lausanne.ch\/latelier-youmi\/"]}]},{"@type":"BreadcrumbList","@id":"https:\/\/www.youmi-lausanne.ch\/latelier-youmi\/#breadcrumb","itemListElement":[{"@type":"ListItem","position":1,"name":"Accueil","item":"https:\/\/www.youmi-lausanne.ch\/"},{"@type":"ListItem","position":2,"name":"Formations et ateliers"}]},{"@type":"WebSite","@id":"https:\/\/www.youmi-lausanne.ch\/#website","url":"https:\/\/www.youmi-lausanne.ch\/","name":"Youmi lausanne","description":"Sans le r\u00eave la technique n&#039;est rien (Jean Tinguely)","publisher":{"@id":"https:\/\/www.youmi-lausanne.ch\/#organization"},"potentialAction":[{"@type":"SearchAction","target":{"@type":"EntryPoint","urlTemplate":"https:\/\/www.youmi-lausanne.ch\/?s={search_term_string}"},"query-input":{"@type":"PropertyValueSpecification","valueRequired":true,"valueName":"search_term_string"}}],"inLanguage":"en-US"},{"@type":"Organization","@id":"https:\/\/www.youmi-lausanne.ch\/#organization","name":"Youmi Lausanne","url":"https:\/\/www.youmi-lausanne.ch\/","logo":{"@type":"ImageObject","inLanguage":"en-US","@id":"https:\/\/www.youmi-lausanne.ch\/#\/schema\/logo\/image\/","url":"https:\/\/www.youmi-lausanne.ch\/wp-content\/uploads\/2019\/11\/logowtransp-1.png","contentUrl":"https:\/\/www.youmi-lausanne.ch\/wp-content\/uploads\/2019\/11\/logowtransp-1.png","width":551,"height":551,"caption":"Youmi Lausanne"},"image":{"@id":"https:\/\/www.youmi-lausanne.ch\/#\/schema\/logo\/image\/"},"sameAs":["https:\/\/www.facebook.com\/youmilausanne","https:\/\/www.instagram.com\/youmilausanne\/","https:\/\/www.linkedin.com\/company\/youmilausanne"]}]}},"_links":{"self":[{"href":"https:\/\/www.youmi-lausanne.ch\/en\/wp-json\/wp\/v2\/pages\/765","targetHints":{"allow":["GET"]}}],"collection":[{"href":"https:\/\/www.youmi-lausanne.ch\/en\/wp-json\/wp\/v2\/pages"}],"about":[{"href":"https:\/\/www.youmi-lausanne.ch\/en\/wp-json\/wp\/v2\/types\/page"}],"author":[{"embeddable":true,"href":"https:\/\/www.youmi-lausanne.ch\/en\/wp-json\/wp\/v2\/users\/3"}],"replies":[{"embeddable":true,"href":"https:\/\/www.youmi-lausanne.ch\/en\/wp-json\/wp\/v2\/comments?post=765"}],"version-history":[{"count":0,"href":"https:\/\/www.youmi-lausanne.ch\/en\/wp-json\/wp\/v2\/pages\/765\/revisions"}],"wp:attachment":[{"href":"https:\/\/www.youmi-lausanne.ch\/en\/wp-json\/wp\/v2\/media?parent=765"}],"wp:term":[{"taxonomy":"category","embeddable":true,"href":"https:\/\/www.youmi-lausanne.ch\/en\/wp-json\/wp\/v2\/categories?post=765"},{"taxonomy":"post_tag","embeddable":true,"href":"https:\/\/www.youmi-lausanne.ch\/en\/wp-json\/wp\/v2\/tags?post=765"}],"curies":[{"name":"wp","href":"https:\/\/api.w.org\/{rel}","templated":true}]}}