{"id":186,"date":"2019-12-12T10:09:08","date_gmt":"2019-12-12T09:09:08","guid":{"rendered":"https:\/\/sandbox.youmi-lausanne.ch\/?page_id=186"},"modified":"2024-02-02T17:56:31","modified_gmt":"2024-02-02T16:56:31","slug":"a-propos","status":"publish","type":"page","link":"https:\/\/www.youmi-lausanne.ch\/en\/a-propos\/","title":{"rendered":"A propos"},"content":{"rendered":"<div data-elementor-type=\"wp-page\" data-elementor-id=\"186\" class=\"elementor elementor-186\" data-elementor-post-type=\"page\">\n\t\t\t\t\t\t<section class=\"elementor-section elementor-top-section elementor-element elementor-element-efc0dd4 elementor-section-boxed elementor-section-height-default elementor-section-height-default\" data-id=\"efc0dd4\" data-element_type=\"section\" data-e-type=\"section\">\n\t\t\t\t\t\t<div class=\"elementor-container elementor-column-gap-default\">\n\t\t\t\t\t<div class=\"elementor-column elementor-col-100 elementor-top-column elementor-element elementor-element-b0de8c9\" data-id=\"b0de8c9\" data-element_type=\"column\" data-e-type=\"column\">\n\t\t\t<div class=\"elementor-widget-wrap elementor-element-populated\">\n\t\t\t\t\t\t<div class=\"elementor-element elementor-element-7b3edc5 elementor-widget elementor-widget-heading\" data-id=\"7b3edc5\" data-element_type=\"widget\" data-e-type=\"widget\" data-widget_type=\"heading.default\">\n\t\t\t\t<div class=\"elementor-widget-container\">\n\t\t\t\t\t<h1 class=\"elementor-heading-title elementor-size-default\">A propos<\/h1>\t\t\t\t<\/div>\n\t\t\t\t<\/div>\n\t\t\t\t\t<\/div>\n\t\t<\/div>\n\t\t\t\t\t<\/div>\n\t\t<\/section>\n\t\t\t\t<section class=\"elementor-section elementor-top-section elementor-element elementor-element-76d3342 elementor-section-boxed elementor-section-height-default elementor-section-height-default\" data-id=\"76d3342\" data-element_type=\"section\" data-e-type=\"section\">\n\t\t\t\t\t\t<div class=\"elementor-container elementor-column-gap-default\">\n\t\t\t\t\t<div class=\"elementor-column elementor-col-100 elementor-top-column elementor-element elementor-element-e3c8b83\" data-id=\"e3c8b83\" data-element_type=\"column\" data-e-type=\"column\">\n\t\t\t<div class=\"elementor-widget-wrap elementor-element-populated\">\n\t\t\t\t\t\t<div class=\"elementor-element elementor-element-43a5e75 elementor-widget elementor-widget-text-editor\" data-id=\"43a5e75\" data-element_type=\"widget\" data-e-type=\"widget\" data-widget_type=\"text-editor.default\">\n\t\t\t\t<div class=\"elementor-widget-container\">\n\t\t\t\t\t\t\t\t\t<p>YOUMI est une entreprise vaudoise, qui s&rsquo;appuie sur des technologies libres. Les projets sont r\u00e9alis\u00e9s sur mesure et le client reste propri\u00e9taire des sources. Petite entreprise localis\u00e9e \u00e0 Lausanne en Suisse, nous avons commenc\u00e9 notre aventure en 2018.<\/p>\t\t\t\t\t\t\t\t<\/div>\n\t\t\t\t<\/div>\n\t\t\t\t\t<\/div>\n\t\t<\/div>\n\t\t\t\t\t<\/div>\n\t\t<\/section>\n\t\t\t\t<section class=\"elementor-section elementor-top-section elementor-element elementor-element-7b9c7b0 elementor-section-boxed elementor-section-height-default elementor-section-height-default\" data-id=\"7b9c7b0\" data-element_type=\"section\" data-e-type=\"section\">\n\t\t\t\t\t\t<div class=\"elementor-container elementor-column-gap-default\">\n\t\t\t\t\t<div class=\"elementor-column elementor-col-100 elementor-top-column elementor-element elementor-element-8469930\" data-id=\"8469930\" data-element_type=\"column\" data-e-type=\"column\">\n\t\t\t<div class=\"elementor-widget-wrap elementor-element-populated\">\n\t\t\t\t\t\t<div class=\"elementor-element elementor-element-6ad4d1f elementor-position-left elementor-vertical-align-top elementor-widget elementor-widget-image-box\" data-id=\"6ad4d1f\" data-element_type=\"widget\" data-e-type=\"widget\" data-widget_type=\"image-box.default\">\n\t\t\t\t<div class=\"elementor-widget-container\">\n\t\t\t\t\t<div class=\"elementor-image-box-wrapper\"><figure class=\"elementor-image-box-img\"><img fetchpriority=\"high\" decoding=\"async\" width=\"499\" height=\"460\" src=\"https:\/\/www.youmi-lausanne.ch\/wp-content\/uploads\/2019\/12\/me.png\" class=\"attachment-medium_large size-medium_large wp-image-274\" alt=\"\" \/><\/figure><div class=\"elementor-image-box-content\"><h3 class=\"elementor-image-box-title\">Antoine Masson, fondateur de Youmi<\/h3><p class=\"elementor-image-box-description\">After a PhD in physics, many years as a developer of scientific equipment. I decided to take the plunge to provide you with my skills to develop your technical solutions.<br>\nJe poss\u00e8de de nombreuses comp\u00e9tences en d\u00e9veloppement de logiciel scientifique mais \u00e9galement dans les capteurs et l'\u00e9lectronique ainsi que dans la conception de pi\u00e8ces m\u00e9caniques. <br>\nJ'ai \u00e9galement travaill\u00e9 dans plusieurs mus\u00e9es scientifique afin de concevoir et d'animer des ateliers scientifiques et techniques.<\/p><\/div><\/div>\t\t\t\t<\/div>\n\t\t\t\t<\/div>\n\t\t\t\t<div class=\"elementor-element elementor-element-3ece444 elementor-icon-list--layout-inline elementor-list-item-link-full_width elementor-widget elementor-widget-icon-list\" data-id=\"3ece444\" data-element_type=\"widget\" data-e-type=\"widget\" data-widget_type=\"icon-list.default\">\n\t\t\t\t<div class=\"elementor-widget-container\">\n\t\t\t\t\t\t\t<ul class=\"elementor-icon-list-items elementor-inline-items\">\n\t\t\t\t\t\t\t<li class=\"elementor-icon-list-item elementor-inline-item\">\n\t\t\t\t\t\t\t\t\t\t\t<a href=\"https:\/\/github.com\/amasson84\/\">\n\n\t\t\t\t\t\t\t\t\t\t\t\t<span class=\"elementor-icon-list-icon\">\n\t\t\t\t\t\t\t<i aria-hidden=\"true\" class=\"fab fa-github\"><\/i>\t\t\t\t\t\t<\/span>\n\t\t\t\t\t\t\t\t\t\t<span class=\"elementor-icon-list-text\">Github<\/span>\n\t\t\t\t\t\t\t\t\t\t\t<\/a>\n\t\t\t\t\t\t\t\t\t<\/li>\n\t\t\t\t\t\t\t\t<li class=\"elementor-icon-list-item elementor-inline-item\">\n\t\t\t\t\t\t\t\t\t\t\t<a href=\"https:\/\/www.linkedin.com\/in\/amasson2\/?locale=en_US\">\n\n\t\t\t\t\t\t\t\t\t\t\t\t<span class=\"elementor-icon-list-icon\">\n\t\t\t\t\t\t\t<i aria-hidden=\"true\" class=\"fab fa-linkedin-in\"><\/i>\t\t\t\t\t\t<\/span>\n\t\t\t\t\t\t\t\t\t\t<span class=\"elementor-icon-list-text\">Linkedin<\/span>\n\t\t\t\t\t\t\t\t\t\t\t<\/a>\n\t\t\t\t\t\t\t\t\t<\/li>\n\t\t\t\t\t\t\t\t<li class=\"elementor-icon-list-item elementor-inline-item\">\n\t\t\t\t\t\t\t\t\t\t\t<a href=\"https:\/\/www.youmi-lausanne.ch\/wp-content\/uploads\/2021\/11\/cv-fr.pdf\">\n\n\t\t\t\t\t\t\t\t\t\t\t\t<span class=\"elementor-icon-list-icon\">\n\t\t\t\t\t\t\t<i aria-hidden=\"true\" class=\"fas fa-book-open\"><\/i>\t\t\t\t\t\t<\/span>\n\t\t\t\t\t\t\t\t\t\t<span class=\"elementor-icon-list-text\">CV<\/span>\n\t\t\t\t\t\t\t\t\t\t\t<\/a>\n\t\t\t\t\t\t\t\t\t<\/li>\n\t\t\t\t\t\t<\/ul>\n\t\t\t\t\t\t<\/div>\n\t\t\t\t<\/div>\n\t\t\t\t\t<\/div>\n\t\t<\/div>\n\t\t\t\t\t<\/div>\n\t\t<\/section>\n\t\t\t\t<section class=\"elementor-section elementor-top-section elementor-element elementor-element-8c2aff5 elementor-section-boxed elementor-section-height-default elementor-section-height-default\" data-id=\"8c2aff5\" data-element_type=\"section\" data-e-type=\"section\">\n\t\t\t\t\t\t<div class=\"elementor-container elementor-column-gap-default\">\n\t\t\t\t\t<div class=\"elementor-column elementor-col-100 elementor-top-column elementor-element elementor-element-96e8f09\" data-id=\"96e8f09\" data-element_type=\"column\" data-e-type=\"column\">\n\t\t\t<div class=\"elementor-widget-wrap elementor-element-populated\">\n\t\t\t\t\t\t<div class=\"elementor-element elementor-element-e0f1774 elementor-align-right elementor-widget elementor-widget-button\" data-id=\"e0f1774\" data-element_type=\"widget\" data-e-type=\"widget\" data-widget_type=\"button.default\">\n\t\t\t\t<div class=\"elementor-widget-container\">\n\t\t\t\t\t\t\t\t\t<div class=\"elementor-button-wrapper\">\n\t\t\t\t\t<a class=\"elementor-button elementor-button-link elementor-size-sm\" href=\"https:\/\/www.youmi-lausanne.ch\/en\/contact\/\">\n\t\t\t\t\t\t<span class=\"elementor-button-content-wrapper\">\n\t\t\t\t\t\t<span class=\"elementor-button-icon\">\n\t\t\t\t<i aria-hidden=\"true\" class=\"fas fa-flask\"><\/i>\t\t\t<\/span>\n\t\t\t\t\t\t\t\t\t<span class=\"elementor-button-text\">Contactez-nous<\/span>\n\t\t\t\t\t<\/span>\n\t\t\t\t\t<\/a>\n\t\t\t\t<\/div>\n\t\t\t\t\t\t\t\t<\/div>\n\t\t\t\t<\/div>\n\t\t\t\t\t<\/div>\n\t\t<\/div>\n\t\t\t\t\t<\/div>\n\t\t<\/section>\n\t\t\t\t<\/div>","protected":false},"excerpt":{"rendered":"<p>A propos YOUMI est une entreprise vaudoise, qui s&rsquo;appuie sur des technologies libres. Les projets sont r\u00e9alis\u00e9s sur mesure et le client reste propri\u00e9taire des sources. Petite entreprise localis\u00e9e \u00e0 Lausanne en Suisse, nous avons commenc\u00e9 notre aventure en 2018. Antoine Masson, fondateur de Youmi Apr\u00e8s un doctorat en physique, de nombreuses ann\u00e9es en tant [&hellip;]<\/p>\n","protected":false},"author":1,"featured_media":0,"parent":0,"menu_order":0,"comment_status":"closed","ping_status":"closed","template":"","meta":{"_acf_changed":false,"footnotes":""},"categories":[],"tags":[],"class_list":["post-186","page","type-page","status-publish","hentry"],"acf":[],"yoast_head":"<!-- This site is optimized with the Yoast SEO plugin v27.5 - https:\/\/yoast.com\/product\/yoast-seo-wordpress\/ -->\n<title>A propos - Youmi lausanne<\/title>\n<meta name=\"robots\" content=\"index, follow, max-snippet:-1, max-image-preview:large, max-video-preview:-1\" \/>\n<link rel=\"canonical\" href=\"https:\/\/www.youmi-lausanne.ch\/en\/a-propos\/\" \/>\n<meta property=\"og:locale\" content=\"en_US\" \/>\n<meta property=\"og:type\" content=\"article\" \/>\n<meta property=\"og:title\" content=\"A propos - Youmi lausanne\" \/>\n<meta property=\"og:description\" content=\"A propos YOUMI est une entreprise vaudoise, qui s&rsquo;appuie sur des technologies libres. Les projets sont r\u00e9alis\u00e9s sur mesure et le client reste propri\u00e9taire des sources. Petite entreprise localis\u00e9e \u00e0 Lausanne en Suisse, nous avons commenc\u00e9 notre aventure en 2018. Antoine Masson, fondateur de Youmi Apr\u00e8s un doctorat en physique, de nombreuses ann\u00e9es en tant [&hellip;]\" \/>\n<meta property=\"og:url\" content=\"https:\/\/www.youmi-lausanne.ch\/en\/a-propos\/\" \/>\n<meta property=\"og:site_name\" content=\"Youmi lausanne\" \/>\n<meta property=\"article:publisher\" content=\"https:\/\/www.facebook.com\/youmilausanne\" \/>\n<meta property=\"article:modified_time\" content=\"2024-02-02T16:56:31+00:00\" \/>\n<meta property=\"og:image\" content=\"https:\/\/wrk.youmi-lausanne.ch\/wp-content\/uploads\/2019\/12\/me.png\" \/>\n<meta name=\"twitter:card\" content=\"summary_large_image\" \/>\n<meta name=\"twitter:label1\" content=\"Est. reading time\" \/>\n\t<meta name=\"twitter:data1\" content=\"1 minute\" \/>\n<script type=\"application\/ld+json\" class=\"yoast-schema-graph\">{\"@context\":\"https:\\\/\\\/schema.org\",\"@graph\":[{\"@type\":\"WebPage\",\"@id\":\"https:\\\/\\\/www.youmi-lausanne.ch\\\/a-propos\\\/\",\"url\":\"https:\\\/\\\/www.youmi-lausanne.ch\\\/a-propos\\\/\",\"name\":\"A propos - Youmi lausanne\",\"isPartOf\":{\"@id\":\"https:\\\/\\\/www.youmi-lausanne.ch\\\/#website\"},\"primaryImageOfPage\":{\"@id\":\"https:\\\/\\\/www.youmi-lausanne.ch\\\/a-propos\\\/#primaryimage\"},\"image\":{\"@id\":\"https:\\\/\\\/www.youmi-lausanne.ch\\\/a-propos\\\/#primaryimage\"},\"thumbnailUrl\":\"https:\\\/\\\/wrk.youmi-lausanne.ch\\\/wp-content\\\/uploads\\\/2019\\\/12\\\/me.png\",\"datePublished\":\"2019-12-12T09:09:08+00:00\",\"dateModified\":\"2024-02-02T16:56:31+00:00\",\"breadcrumb\":{\"@id\":\"https:\\\/\\\/www.youmi-lausanne.ch\\\/a-propos\\\/#breadcrumb\"},\"inLanguage\":\"en-US\",\"potentialAction\":[{\"@type\":\"ReadAction\",\"target\":[\"https:\\\/\\\/www.youmi-lausanne.ch\\\/a-propos\\\/\"]}]},{\"@type\":\"ImageObject\",\"inLanguage\":\"en-US\",\"@id\":\"https:\\\/\\\/www.youmi-lausanne.ch\\\/a-propos\\\/#primaryimage\",\"url\":\"https:\\\/\\\/wrk.youmi-lausanne.ch\\\/wp-content\\\/uploads\\\/2019\\\/12\\\/me.png\",\"contentUrl\":\"https:\\\/\\\/wrk.youmi-lausanne.ch\\\/wp-content\\\/uploads\\\/2019\\\/12\\\/me.png\"},{\"@type\":\"BreadcrumbList\",\"@id\":\"https:\\\/\\\/www.youmi-lausanne.ch\\\/a-propos\\\/#breadcrumb\",\"itemListElement\":[{\"@type\":\"ListItem\",\"position\":1,\"name\":\"Accueil\",\"item\":\"https:\\\/\\\/www.youmi-lausanne.ch\\\/\"},{\"@type\":\"ListItem\",\"position\":2,\"name\":\"A propos\"}]},{\"@type\":\"WebSite\",\"@id\":\"https:\\\/\\\/www.youmi-lausanne.ch\\\/#website\",\"url\":\"https:\\\/\\\/www.youmi-lausanne.ch\\\/\",\"name\":\"Youmi lausanne\",\"description\":\"Sans le r\u00eave la technique n&#039;est rien (Jean Tinguely)\",\"publisher\":{\"@id\":\"https:\\\/\\\/www.youmi-lausanne.ch\\\/#organization\"},\"potentialAction\":[{\"@type\":\"SearchAction\",\"target\":{\"@type\":\"EntryPoint\",\"urlTemplate\":\"https:\\\/\\\/www.youmi-lausanne.ch\\\/?s={search_term_string}\"},\"query-input\":{\"@type\":\"PropertyValueSpecification\",\"valueRequired\":true,\"valueName\":\"search_term_string\"}}],\"inLanguage\":\"en-US\"},{\"@type\":\"Organization\",\"@id\":\"https:\\\/\\\/www.youmi-lausanne.ch\\\/#organization\",\"name\":\"Youmi Lausanne\",\"url\":\"https:\\\/\\\/www.youmi-lausanne.ch\\\/\",\"logo\":{\"@type\":\"ImageObject\",\"inLanguage\":\"en-US\",\"@id\":\"https:\\\/\\\/www.youmi-lausanne.ch\\\/#\\\/schema\\\/logo\\\/image\\\/\",\"url\":\"https:\\\/\\\/www.youmi-lausanne.ch\\\/wp-content\\\/uploads\\\/2019\\\/11\\\/logowtransp-1.png\",\"contentUrl\":\"https:\\\/\\\/www.youmi-lausanne.ch\\\/wp-content\\\/uploads\\\/2019\\\/11\\\/logowtransp-1.png\",\"width\":551,\"height\":551,\"caption\":\"Youmi Lausanne\"},\"image\":{\"@id\":\"https:\\\/\\\/www.youmi-lausanne.ch\\\/#\\\/schema\\\/logo\\\/image\\\/\"},\"sameAs\":[\"https:\\\/\\\/www.facebook.com\\\/youmilausanne\",\"https:\\\/\\\/www.instagram.com\\\/youmilausanne\\\/\",\"https:\\\/\\\/www.linkedin.com\\\/company\\\/youmilausanne\"]}]}<\/script>\n<!-- \/ Yoast SEO plugin. -->","yoast_head_json":{"title":"A propos - Youmi lausanne","robots":{"index":"index","follow":"follow","max-snippet":"max-snippet:-1","max-image-preview":"max-image-preview:large","max-video-preview":"max-video-preview:-1"},"canonical":"https:\/\/www.youmi-lausanne.ch\/en\/a-propos\/","og_locale":"en_US","og_type":"article","og_title":"A propos - Youmi lausanne","og_description":"A propos YOUMI est une entreprise vaudoise, qui s&rsquo;appuie sur des technologies libres. Les projets sont r\u00e9alis\u00e9s sur mesure et le client reste propri\u00e9taire des sources. Petite entreprise localis\u00e9e \u00e0 Lausanne en Suisse, nous avons commenc\u00e9 notre aventure en 2018. Antoine Masson, fondateur de Youmi Apr\u00e8s un doctorat en physique, de nombreuses ann\u00e9es en tant [&hellip;]","og_url":"https:\/\/www.youmi-lausanne.ch\/en\/a-propos\/","og_site_name":"Youmi lausanne","article_publisher":"https:\/\/www.facebook.com\/youmilausanne","article_modified_time":"2024-02-02T16:56:31+00:00","og_image":[{"url":"https:\/\/wrk.youmi-lausanne.ch\/wp-content\/uploads\/2019\/12\/me.png","type":"","width":"","height":""}],"twitter_card":"summary_large_image","twitter_misc":{"Est. reading time":"1 minute"},"schema":{"@context":"https:\/\/schema.org","@graph":[{"@type":"WebPage","@id":"https:\/\/www.youmi-lausanne.ch\/a-propos\/","url":"https:\/\/www.youmi-lausanne.ch\/a-propos\/","name":"A propos - Youmi lausanne","isPartOf":{"@id":"https:\/\/www.youmi-lausanne.ch\/#website"},"primaryImageOfPage":{"@id":"https:\/\/www.youmi-lausanne.ch\/a-propos\/#primaryimage"},"image":{"@id":"https:\/\/www.youmi-lausanne.ch\/a-propos\/#primaryimage"},"thumbnailUrl":"https:\/\/wrk.youmi-lausanne.ch\/wp-content\/uploads\/2019\/12\/me.png","datePublished":"2019-12-12T09:09:08+00:00","dateModified":"2024-02-02T16:56:31+00:00","breadcrumb":{"@id":"https:\/\/www.youmi-lausanne.ch\/a-propos\/#breadcrumb"},"inLanguage":"en-US","potentialAction":[{"@type":"ReadAction","target":["https:\/\/www.youmi-lausanne.ch\/a-propos\/"]}]},{"@type":"ImageObject","inLanguage":"en-US","@id":"https:\/\/www.youmi-lausanne.ch\/a-propos\/#primaryimage","url":"https:\/\/wrk.youmi-lausanne.ch\/wp-content\/uploads\/2019\/12\/me.png","contentUrl":"https:\/\/wrk.youmi-lausanne.ch\/wp-content\/uploads\/2019\/12\/me.png"},{"@type":"BreadcrumbList","@id":"https:\/\/www.youmi-lausanne.ch\/a-propos\/#breadcrumb","itemListElement":[{"@type":"ListItem","position":1,"name":"Accueil","item":"https:\/\/www.youmi-lausanne.ch\/"},{"@type":"ListItem","position":2,"name":"A propos"}]},{"@type":"WebSite","@id":"https:\/\/www.youmi-lausanne.ch\/#website","url":"https:\/\/www.youmi-lausanne.ch\/","name":"Youmi lausanne","description":"Sans le r\u00eave la technique n&#039;est rien (Jean Tinguely)","publisher":{"@id":"https:\/\/www.youmi-lausanne.ch\/#organization"},"potentialAction":[{"@type":"SearchAction","target":{"@type":"EntryPoint","urlTemplate":"https:\/\/www.youmi-lausanne.ch\/?s={search_term_string}"},"query-input":{"@type":"PropertyValueSpecification","valueRequired":true,"valueName":"search_term_string"}}],"inLanguage":"en-US"},{"@type":"Organization","@id":"https:\/\/www.youmi-lausanne.ch\/#organization","name":"Youmi Lausanne","url":"https:\/\/www.youmi-lausanne.ch\/","logo":{"@type":"ImageObject","inLanguage":"en-US","@id":"https:\/\/www.youmi-lausanne.ch\/#\/schema\/logo\/image\/","url":"https:\/\/www.youmi-lausanne.ch\/wp-content\/uploads\/2019\/11\/logowtransp-1.png","contentUrl":"https:\/\/www.youmi-lausanne.ch\/wp-content\/uploads\/2019\/11\/logowtransp-1.png","width":551,"height":551,"caption":"Youmi Lausanne"},"image":{"@id":"https:\/\/www.youmi-lausanne.ch\/#\/schema\/logo\/image\/"},"sameAs":["https:\/\/www.facebook.com\/youmilausanne","https:\/\/www.instagram.com\/youmilausanne\/","https:\/\/www.linkedin.com\/company\/youmilausanne"]}]}},"_links":{"self":[{"href":"https:\/\/www.youmi-lausanne.ch\/en\/wp-json\/wp\/v2\/pages\/186","targetHints":{"allow":["GET"]}}],"collection":[{"href":"https:\/\/www.youmi-lausanne.ch\/en\/wp-json\/wp\/v2\/pages"}],"about":[{"href":"https:\/\/www.youmi-lausanne.ch\/en\/wp-json\/wp\/v2\/types\/page"}],"author":[{"embeddable":true,"href":"https:\/\/www.youmi-lausanne.ch\/en\/wp-json\/wp\/v2\/users\/1"}],"replies":[{"embeddable":true,"href":"https:\/\/www.youmi-lausanne.ch\/en\/wp-json\/wp\/v2\/comments?post=186"}],"version-history":[{"count":0,"href":"https:\/\/www.youmi-lausanne.ch\/en\/wp-json\/wp\/v2\/pages\/186\/revisions"}],"wp:attachment":[{"href":"https:\/\/www.youmi-lausanne.ch\/en\/wp-json\/wp\/v2\/media?parent=186"}],"wp:term":[{"taxonomy":"category","embeddable":true,"href":"https:\/\/www.youmi-lausanne.ch\/en\/wp-json\/wp\/v2\/categories?post=186"},{"taxonomy":"post_tag","embeddable":true,"href":"https:\/\/www.youmi-lausanne.ch\/en\/wp-json\/wp\/v2\/tags?post=186"}],"curies":[{"name":"wp","href":"https:\/\/api.w.org\/{rel}","templated":true}]}}