{"id":1680,"date":"2024-01-28T15:23:40","date_gmt":"2024-01-28T14:23:40","guid":{"rendered":"https:\/\/wrk.youmi-lausanne.ch\/?page_id=1680"},"modified":"2025-06-02T16:43:27","modified_gmt":"2025-06-02T14:43:27","slug":"solutions-logicielles","status":"publish","type":"page","link":"https:\/\/www.youmi-lausanne.ch\/en\/solutions-logicielles\/","title":{"rendered":"Solutions logicielles"},"content":{"rendered":"<div data-elementor-type=\"wp-page\" data-elementor-id=\"1680\" class=\"elementor elementor-1680\" data-elementor-post-type=\"page\">\n\t\t\t\t\t\t<section class=\"elementor-section elementor-top-section elementor-element elementor-element-1be779b elementor-section-boxed elementor-section-height-default elementor-section-height-default\" data-id=\"1be779b\" data-element_type=\"section\" data-e-type=\"section\">\n\t\t\t\t\t\t<div class=\"elementor-container elementor-column-gap-default\">\n\t\t\t\t\t<div class=\"elementor-column elementor-col-100 elementor-top-column elementor-element elementor-element-e1ecd5a\" data-id=\"e1ecd5a\" data-element_type=\"column\" data-e-type=\"column\">\n\t\t\t<div class=\"elementor-widget-wrap elementor-element-populated\">\n\t\t\t\t\t\t<div class=\"elementor-element elementor-element-24c0b6d elementor-widget elementor-widget-heading\" data-id=\"24c0b6d\" data-element_type=\"widget\" data-e-type=\"widget\" data-widget_type=\"heading.default\">\n\t\t\t\t<div class=\"elementor-widget-container\">\n\t\t\t\t\t<h2 class=\"elementor-heading-title elementor-size-default\">Logiciels scientifiques, conception de base de donn\u00e9es, traitement de donn\u00e9es, r\u00e9solution d\u2019\u00e9quations, statistiques<\/h2>\t\t\t\t<\/div>\n\t\t\t\t<\/div>\n\t\t\t\t\t<\/div>\n\t\t<\/div>\n\t\t\t\t\t<\/div>\n\t\t<\/section>\n\t\t\t\t<section class=\"elementor-section elementor-top-section elementor-element elementor-element-1f82698 elementor-section-boxed elementor-section-height-default elementor-section-height-default\" data-id=\"1f82698\" data-element_type=\"section\" data-e-type=\"section\">\n\t\t\t\t\t\t<div class=\"elementor-container elementor-column-gap-default\">\n\t\t\t\t\t<div class=\"elementor-column elementor-col-100 elementor-top-column elementor-element elementor-element-0f0438d\" data-id=\"0f0438d\" data-element_type=\"column\" data-e-type=\"column\">\n\t\t\t<div class=\"elementor-widget-wrap elementor-element-populated\">\n\t\t\t\t\t\t<div class=\"elementor-element elementor-element-f43cb69 elementor-widget elementor-widget-text-editor\" data-id=\"f43cb69\" data-element_type=\"widget\" data-e-type=\"widget\" data-widget_type=\"text-editor.default\">\n\t\t\t\t<div class=\"elementor-widget-container\">\n\t\t\t\t\t\t\t\t\t<p>Nous pouvons d\u00e9velopper des logiciels pour de multiples applications p\u00e9dagogiques ou non tel que pour l&rsquo;analyse de donn\u00e9es ou le contr\u00f4le de capteurs, le d\u00e9clenchement d&rsquo;actions (affichage d&rsquo;images ou de vid\u00e9os par exemple), nous pouvons \u00e9galement d\u00e9velopper des jeux interactifs.<\/p>\t\t\t\t\t\t\t\t<\/div>\n\t\t\t\t<\/div>\n\t\t\t\t\t<\/div>\n\t\t<\/div>\n\t\t\t\t\t<\/div>\n\t\t<\/section>\n\t\t\t\t<section class=\"elementor-section elementor-top-section elementor-element elementor-element-cb6bfd3 elementor-section-boxed elementor-section-height-default elementor-section-height-default\" data-id=\"cb6bfd3\" data-element_type=\"section\" data-e-type=\"section\">\n\t\t\t\t\t\t<div class=\"elementor-container elementor-column-gap-default\">\n\t\t\t\t\t<div class=\"elementor-column elementor-col-50 elementor-top-column elementor-element elementor-element-81e5917\" data-id=\"81e5917\" data-element_type=\"column\" data-e-type=\"column\">\n\t\t\t<div class=\"elementor-widget-wrap elementor-element-populated\">\n\t\t\t\t\t\t<div class=\"elementor-element elementor-element-1e0627f elementor-widget elementor-widget-text-editor\" data-id=\"1e0627f\" data-element_type=\"widget\" data-e-type=\"widget\" data-widget_type=\"text-editor.default\">\n\t\t\t\t<div class=\"elementor-widget-container\">\n\t\t\t\t\t\t\t\t\t<h4>Nous utilisons principalement Python et Javascript.<\/h4>\n<ul>\n<li aria-level=\"1\">Conception de base de donn\u00e9es : database SQL ou noSQL, nous concevons la base de donn\u00e9es et les outils pour l\u2019insertion et l\u2019interrogation<\/li>\n<li aria-level=\"1\">Traitement de donn\u00e9es : analyses, graphiques \u2026<\/li>\n<li aria-level=\"1\">Solution num\u00e9rique : r\u00e9solution d\u2019\u00e9quations, statistique \u2026<\/li>\n<li aria-level=\"1\">Traduction d\u2019un langage vers un autre : par exemple passage de matlab \u00e0 python.<\/li>\n<li aria-level=\"1\">&nbsp;Application web, API, application desktop, mobile : nous&nbsp; nous adaptons \u00e0 votre projet et vos besoins.<\/li>\n<\/ul>\t\t\t\t\t\t\t\t<\/div>\n\t\t\t\t<\/div>\n\t\t\t\t\t<\/div>\n\t\t<\/div>\n\t\t\t\t<div class=\"elementor-column elementor-col-50 elementor-top-column elementor-element elementor-element-6e3bb2a\" data-id=\"6e3bb2a\" data-element_type=\"column\" data-e-type=\"column\">\n\t\t\t<div class=\"elementor-widget-wrap elementor-element-populated\">\n\t\t\t\t\t\t<div class=\"elementor-element elementor-element-b78cd93 elementor-widget__width-inherit elementor-widget elementor-widget-image\" data-id=\"b78cd93\" data-element_type=\"widget\" data-e-type=\"widget\" data-widget_type=\"image.default\">\n\t\t\t\t<div class=\"elementor-widget-container\">\n\t\t\t\t\t\t\t\t\t\t\t\t\t\t\t<img decoding=\"async\" src=\"https:\/\/www.youmi-lausanne.ch\/wp-content\/uploads\/elementor\/thumbs\/logiciel3-1-qrajr73xzjoqvy35ovp9dehs8adfpafuvw3dttfvlk.png\" title=\"logiciel3\" alt=\"logiciel3\" loading=\"lazy\" \/>\t\t\t\t\t\t\t\t\t\t\t\t\t\t\t<\/div>\n\t\t\t\t<\/div>\n\t\t\t\t\t<\/div>\n\t\t<\/div>\n\t\t\t\t\t<\/div>\n\t\t<\/section>\n\t\t\t\t<section class=\"elementor-section elementor-top-section elementor-element elementor-element-3ce8ada elementor-section-boxed elementor-section-height-default elementor-section-height-default\" data-id=\"3ce8ada\" data-element_type=\"section\" data-e-type=\"section\">\n\t\t\t\t\t\t<div class=\"elementor-container elementor-column-gap-default\">\n\t\t\t\t\t<div class=\"elementor-column elementor-col-100 elementor-top-column elementor-element elementor-element-ac19292\" data-id=\"ac19292\" data-element_type=\"column\" data-e-type=\"column\">\n\t\t\t<div class=\"elementor-widget-wrap elementor-element-populated\">\n\t\t\t\t\t\t<div class=\"elementor-element elementor-element-0154ddb elementor-widget elementor-widget-heading\" data-id=\"0154ddb\" data-element_type=\"widget\" data-e-type=\"widget\" data-widget_type=\"heading.default\">\n\t\t\t\t<div class=\"elementor-widget-container\">\n\t\t\t\t\t<h2 class=\"elementor-heading-title elementor-size-default\">Nos r\u00e9alisations<\/h2>\t\t\t\t<\/div>\n\t\t\t\t<\/div>\n\t\t\t\t\t<\/div>\n\t\t<\/div>\n\t\t\t\t\t<\/div>\n\t\t<\/section>\n\t\t\t\t<section class=\"elementor-section elementor-top-section elementor-element elementor-element-accc621 elementor-section-boxed elementor-section-height-default elementor-section-height-default\" data-id=\"accc621\" data-element_type=\"section\" data-e-type=\"section\">\n\t\t\t\t\t\t<div class=\"elementor-container elementor-column-gap-default\">\n\t\t\t\t\t<div class=\"elementor-column elementor-col-100 elementor-top-column elementor-element elementor-element-055d376\" data-id=\"055d376\" data-element_type=\"column\" data-e-type=\"column\">\n\t\t\t<div class=\"elementor-widget-wrap elementor-element-populated\">\n\t\t\t\t\t\t<div class=\"elementor-element elementor-element-24d8348 elementor-widget elementor-widget-text-editor\" data-id=\"24d8348\" data-element_type=\"widget\" data-e-type=\"widget\" data-widget_type=\"text-editor.default\">\n\t\t\t\t<div class=\"elementor-widget-container\">\n\t\t\t\t\t\t\t\t\t<h4><b>Questionnaire pour l&rsquo;aide \u00e0 la d\u00e9cision<\/b><\/h4><p>En collaboration avec un laboratoire de l&rsquo;Eawag, nous avons con\u00e7u une application web qui permet de g\u00e9n\u00e9rer des questionnaires permettant une aide \u00e0 la d\u00e9cision et une v\u00e9rification des r\u00e9ponses.<\/p><p><a href=\"https:\/\/gitlab.switch.ch\/swing-webapp\">Acc\u00e9s au code source<\/a><\/p><p><b style=\"color: inherit; font-family: inherit; font-size: 1.5rem;\">Database and ingestion for the revitalization of Swiss rivers<\/b><\/p><p>En collaboration avec un laboratoire de l&rsquo;Eawag, nous avons con\u00e7u une base de donn\u00e9es permettant le stockage et l&rsquo;analyse des donn\u00e9es provenant de la revitalisation des rivi\u00e8res en Suisse, ainsi qu&rsquo;une application web permettant l&rsquo;ingestion et la validation des donn\u00e9es.<\/p><h4><b>Logiciel d&rsquo;analyse et simulation de donn\u00e9es spectroscopiques<\/b><\/h4><p>To analyze the data from their infrared spectrometer <a href=\"http:\/\/www.miro-analytical.com\/index.html\">Miro analytical<\/a> entrusted us with the development of their processing and visualization software.<\/p><h4><b>API for Jupyter notebook plugin<\/b><\/h4><p><a href=\"https:\/\/www.epfl.ch\/education\/educational-initiatives\/cede\/\">L&rsquo;EPFL CEDE <\/a>commissioned us to develop an API to manage the file flow for their plugin connecting Jupyter notebook to their online course platform Moodle.<\/p>\t\t\t\t\t\t\t\t<\/div>\n\t\t\t\t<\/div>\n\t\t\t\t\t<\/div>\n\t\t<\/div>\n\t\t\t\t\t<\/div>\n\t\t<\/section>\n\t\t\t\t<section class=\"elementor-section elementor-top-section elementor-element elementor-element-c6c92b9 elementor-section-boxed elementor-section-height-default elementor-section-height-default\" data-id=\"c6c92b9\" data-element_type=\"section\" data-e-type=\"section\">\n\t\t\t\t\t\t<div class=\"elementor-container elementor-column-gap-default\">\n\t\t\t\t\t<div class=\"elementor-column elementor-col-100 elementor-top-column elementor-element elementor-element-4718c4c\" data-id=\"4718c4c\" data-element_type=\"column\" data-e-type=\"column\">\n\t\t\t<div class=\"elementor-widget-wrap elementor-element-populated\">\n\t\t\t\t\t\t<div class=\"elementor-element elementor-element-220b2c4 elementor-widget elementor-widget-spacer\" data-id=\"220b2c4\" data-element_type=\"widget\" data-e-type=\"widget\" data-widget_type=\"spacer.default\">\n\t\t\t\t<div class=\"elementor-widget-container\">\n\t\t\t\t\t\t\t<div class=\"elementor-spacer\">\n\t\t\t<div class=\"elementor-spacer-inner\"><\/div>\n\t\t<\/div>\n\t\t\t\t\t\t<\/div>\n\t\t\t\t<\/div>\n\t\t\t\t\t<\/div>\n\t\t<\/div>\n\t\t\t\t\t<\/div>\n\t\t<\/section>\n\t\t\t\t<\/div>","protected":false},"excerpt":{"rendered":"<p>Logiciels scientifiques, conception de base de donn\u00e9es, traitement de donn\u00e9es, r\u00e9solution d\u2019\u00e9quations, statistiques Nous pouvons d\u00e9velopper des logiciels pour de multiples applications p\u00e9dagogiques ou non tel que pour l&rsquo;analyse de donn\u00e9es ou le contr\u00f4le de capteurs, le d\u00e9clenchement d&rsquo;actions (affichage d&rsquo;images ou de vid\u00e9os par exemple), nous pouvons \u00e9galement d\u00e9velopper des jeux interactifs. Nous utilisons [&hellip;]<\/p>\n","protected":false},"author":3,"featured_media":0,"parent":0,"menu_order":0,"comment_status":"closed","ping_status":"closed","template":"","meta":{"_acf_changed":false,"footnotes":""},"categories":[],"tags":[],"class_list":["post-1680","page","type-page","status-publish","hentry"],"acf":[],"yoast_head":"<!-- This site is optimized with the Yoast SEO plugin v27.4 - https:\/\/yoast.com\/product\/yoast-seo-wordpress\/ -->\n<title>Solutions logicielles - Youmi lausanne<\/title>\n<meta name=\"robots\" content=\"index, follow, max-snippet:-1, max-image-preview:large, max-video-preview:-1\" \/>\n<link rel=\"canonical\" href=\"https:\/\/www.youmi-lausanne.ch\/en\/solutions-logicielles\/\" \/>\n<meta property=\"og:locale\" content=\"en_US\" \/>\n<meta property=\"og:type\" content=\"article\" \/>\n<meta property=\"og:title\" content=\"Solutions logicielles - Youmi lausanne\" \/>\n<meta property=\"og:description\" content=\"Logiciels scientifiques, conception de base de donn\u00e9es, traitement de donn\u00e9es, r\u00e9solution d\u2019\u00e9quations, statistiques Nous pouvons d\u00e9velopper des logiciels pour de multiples applications p\u00e9dagogiques ou non tel que pour l&rsquo;analyse de donn\u00e9es ou le contr\u00f4le de capteurs, le d\u00e9clenchement d&rsquo;actions (affichage d&rsquo;images ou de vid\u00e9os par exemple), nous pouvons \u00e9galement d\u00e9velopper des jeux interactifs. Nous utilisons [&hellip;]\" \/>\n<meta property=\"og:url\" content=\"https:\/\/www.youmi-lausanne.ch\/en\/solutions-logicielles\/\" \/>\n<meta property=\"og:site_name\" content=\"Youmi lausanne\" \/>\n<meta property=\"article:publisher\" content=\"https:\/\/www.facebook.com\/youmilausanne\" \/>\n<meta property=\"article:modified_time\" content=\"2025-06-02T14:43:27+00:00\" \/>\n<meta property=\"og:image\" content=\"https:\/\/www.youmi-lausanne.ch\/wp-content\/uploads\/elementor\/thumbs\/logiciel3-1-qrajr73xzjoqvy35ovp9dehs8adfpafuvw3dttfvlk.png\" \/>\n<meta name=\"twitter:card\" content=\"summary_large_image\" \/>\n<meta name=\"twitter:label1\" content=\"Est. reading time\" \/>\n\t<meta name=\"twitter:data1\" content=\"2 minutes\" \/>\n<script type=\"application\/ld+json\" class=\"yoast-schema-graph\">{\"@context\":\"https:\\\/\\\/schema.org\",\"@graph\":[{\"@type\":\"WebPage\",\"@id\":\"https:\\\/\\\/www.youmi-lausanne.ch\\\/solutions-logicielles\\\/\",\"url\":\"https:\\\/\\\/www.youmi-lausanne.ch\\\/solutions-logicielles\\\/\",\"name\":\"Solutions logicielles - Youmi lausanne\",\"isPartOf\":{\"@id\":\"https:\\\/\\\/www.youmi-lausanne.ch\\\/#website\"},\"primaryImageOfPage\":{\"@id\":\"https:\\\/\\\/www.youmi-lausanne.ch\\\/solutions-logicielles\\\/#primaryimage\"},\"image\":{\"@id\":\"https:\\\/\\\/www.youmi-lausanne.ch\\\/solutions-logicielles\\\/#primaryimage\"},\"thumbnailUrl\":\"https:\\\/\\\/www.youmi-lausanne.ch\\\/wp-content\\\/uploads\\\/elementor\\\/thumbs\\\/logiciel3-1-qrajr73xzjoqvy35ovp9dehs8adfpafuvw3dttfvlk.png\",\"datePublished\":\"2024-01-28T14:23:40+00:00\",\"dateModified\":\"2025-06-02T14:43:27+00:00\",\"breadcrumb\":{\"@id\":\"https:\\\/\\\/www.youmi-lausanne.ch\\\/solutions-logicielles\\\/#breadcrumb\"},\"inLanguage\":\"en-US\",\"potentialAction\":[{\"@type\":\"ReadAction\",\"target\":[\"https:\\\/\\\/www.youmi-lausanne.ch\\\/solutions-logicielles\\\/\"]}]},{\"@type\":\"ImageObject\",\"inLanguage\":\"en-US\",\"@id\":\"https:\\\/\\\/www.youmi-lausanne.ch\\\/solutions-logicielles\\\/#primaryimage\",\"url\":\"https:\\\/\\\/www.youmi-lausanne.ch\\\/wp-content\\\/uploads\\\/elementor\\\/thumbs\\\/logiciel3-1-qrajr73xzjoqvy35ovp9dehs8adfpafuvw3dttfvlk.png\",\"contentUrl\":\"https:\\\/\\\/www.youmi-lausanne.ch\\\/wp-content\\\/uploads\\\/elementor\\\/thumbs\\\/logiciel3-1-qrajr73xzjoqvy35ovp9dehs8adfpafuvw3dttfvlk.png\"},{\"@type\":\"BreadcrumbList\",\"@id\":\"https:\\\/\\\/www.youmi-lausanne.ch\\\/solutions-logicielles\\\/#breadcrumb\",\"itemListElement\":[{\"@type\":\"ListItem\",\"position\":1,\"name\":\"Accueil\",\"item\":\"https:\\\/\\\/www.youmi-lausanne.ch\\\/\"},{\"@type\":\"ListItem\",\"position\":2,\"name\":\"Solutions logicielles\"}]},{\"@type\":\"WebSite\",\"@id\":\"https:\\\/\\\/www.youmi-lausanne.ch\\\/#website\",\"url\":\"https:\\\/\\\/www.youmi-lausanne.ch\\\/\",\"name\":\"Youmi lausanne\",\"description\":\"Sans le r\u00eave la technique n&#039;est rien (Jean Tinguely)\",\"publisher\":{\"@id\":\"https:\\\/\\\/www.youmi-lausanne.ch\\\/#organization\"},\"potentialAction\":[{\"@type\":\"SearchAction\",\"target\":{\"@type\":\"EntryPoint\",\"urlTemplate\":\"https:\\\/\\\/www.youmi-lausanne.ch\\\/?s={search_term_string}\"},\"query-input\":{\"@type\":\"PropertyValueSpecification\",\"valueRequired\":true,\"valueName\":\"search_term_string\"}}],\"inLanguage\":\"en-US\"},{\"@type\":\"Organization\",\"@id\":\"https:\\\/\\\/www.youmi-lausanne.ch\\\/#organization\",\"name\":\"Youmi Lausanne\",\"url\":\"https:\\\/\\\/www.youmi-lausanne.ch\\\/\",\"logo\":{\"@type\":\"ImageObject\",\"inLanguage\":\"en-US\",\"@id\":\"https:\\\/\\\/www.youmi-lausanne.ch\\\/#\\\/schema\\\/logo\\\/image\\\/\",\"url\":\"https:\\\/\\\/www.youmi-lausanne.ch\\\/wp-content\\\/uploads\\\/2019\\\/11\\\/logowtransp-1.png\",\"contentUrl\":\"https:\\\/\\\/www.youmi-lausanne.ch\\\/wp-content\\\/uploads\\\/2019\\\/11\\\/logowtransp-1.png\",\"width\":551,\"height\":551,\"caption\":\"Youmi Lausanne\"},\"image\":{\"@id\":\"https:\\\/\\\/www.youmi-lausanne.ch\\\/#\\\/schema\\\/logo\\\/image\\\/\"},\"sameAs\":[\"https:\\\/\\\/www.facebook.com\\\/youmilausanne\",\"https:\\\/\\\/www.instagram.com\\\/youmilausanne\\\/\",\"https:\\\/\\\/www.linkedin.com\\\/company\\\/youmilausanne\"]}]}<\/script>\n<!-- \/ Yoast SEO plugin. -->","yoast_head_json":{"title":"Solutions logicielles - Youmi lausanne","robots":{"index":"index","follow":"follow","max-snippet":"max-snippet:-1","max-image-preview":"max-image-preview:large","max-video-preview":"max-video-preview:-1"},"canonical":"https:\/\/www.youmi-lausanne.ch\/en\/solutions-logicielles\/","og_locale":"en_US","og_type":"article","og_title":"Solutions logicielles - Youmi lausanne","og_description":"Logiciels scientifiques, conception de base de donn\u00e9es, traitement de donn\u00e9es, r\u00e9solution d\u2019\u00e9quations, statistiques Nous pouvons d\u00e9velopper des logiciels pour de multiples applications p\u00e9dagogiques ou non tel que pour l&rsquo;analyse de donn\u00e9es ou le contr\u00f4le de capteurs, le d\u00e9clenchement d&rsquo;actions (affichage d&rsquo;images ou de vid\u00e9os par exemple), nous pouvons \u00e9galement d\u00e9velopper des jeux interactifs. Nous utilisons [&hellip;]","og_url":"https:\/\/www.youmi-lausanne.ch\/en\/solutions-logicielles\/","og_site_name":"Youmi lausanne","article_publisher":"https:\/\/www.facebook.com\/youmilausanne","article_modified_time":"2025-06-02T14:43:27+00:00","og_image":[{"url":"https:\/\/www.youmi-lausanne.ch\/wp-content\/uploads\/elementor\/thumbs\/logiciel3-1-qrajr73xzjoqvy35ovp9dehs8adfpafuvw3dttfvlk.png","type":"","width":"","height":""}],"twitter_card":"summary_large_image","twitter_misc":{"Est. reading time":"2 minutes"},"schema":{"@context":"https:\/\/schema.org","@graph":[{"@type":"WebPage","@id":"https:\/\/www.youmi-lausanne.ch\/solutions-logicielles\/","url":"https:\/\/www.youmi-lausanne.ch\/solutions-logicielles\/","name":"Solutions logicielles - Youmi lausanne","isPartOf":{"@id":"https:\/\/www.youmi-lausanne.ch\/#website"},"primaryImageOfPage":{"@id":"https:\/\/www.youmi-lausanne.ch\/solutions-logicielles\/#primaryimage"},"image":{"@id":"https:\/\/www.youmi-lausanne.ch\/solutions-logicielles\/#primaryimage"},"thumbnailUrl":"https:\/\/www.youmi-lausanne.ch\/wp-content\/uploads\/elementor\/thumbs\/logiciel3-1-qrajr73xzjoqvy35ovp9dehs8adfpafuvw3dttfvlk.png","datePublished":"2024-01-28T14:23:40+00:00","dateModified":"2025-06-02T14:43:27+00:00","breadcrumb":{"@id":"https:\/\/www.youmi-lausanne.ch\/solutions-logicielles\/#breadcrumb"},"inLanguage":"en-US","potentialAction":[{"@type":"ReadAction","target":["https:\/\/www.youmi-lausanne.ch\/solutions-logicielles\/"]}]},{"@type":"ImageObject","inLanguage":"en-US","@id":"https:\/\/www.youmi-lausanne.ch\/solutions-logicielles\/#primaryimage","url":"https:\/\/www.youmi-lausanne.ch\/wp-content\/uploads\/elementor\/thumbs\/logiciel3-1-qrajr73xzjoqvy35ovp9dehs8adfpafuvw3dttfvlk.png","contentUrl":"https:\/\/www.youmi-lausanne.ch\/wp-content\/uploads\/elementor\/thumbs\/logiciel3-1-qrajr73xzjoqvy35ovp9dehs8adfpafuvw3dttfvlk.png"},{"@type":"BreadcrumbList","@id":"https:\/\/www.youmi-lausanne.ch\/solutions-logicielles\/#breadcrumb","itemListElement":[{"@type":"ListItem","position":1,"name":"Accueil","item":"https:\/\/www.youmi-lausanne.ch\/"},{"@type":"ListItem","position":2,"name":"Solutions logicielles"}]},{"@type":"WebSite","@id":"https:\/\/www.youmi-lausanne.ch\/#website","url":"https:\/\/www.youmi-lausanne.ch\/","name":"Youmi lausanne","description":"Sans le r\u00eave la technique n&#039;est rien (Jean Tinguely)","publisher":{"@id":"https:\/\/www.youmi-lausanne.ch\/#organization"},"potentialAction":[{"@type":"SearchAction","target":{"@type":"EntryPoint","urlTemplate":"https:\/\/www.youmi-lausanne.ch\/?s={search_term_string}"},"query-input":{"@type":"PropertyValueSpecification","valueRequired":true,"valueName":"search_term_string"}}],"inLanguage":"en-US"},{"@type":"Organization","@id":"https:\/\/www.youmi-lausanne.ch\/#organization","name":"Youmi Lausanne","url":"https:\/\/www.youmi-lausanne.ch\/","logo":{"@type":"ImageObject","inLanguage":"en-US","@id":"https:\/\/www.youmi-lausanne.ch\/#\/schema\/logo\/image\/","url":"https:\/\/www.youmi-lausanne.ch\/wp-content\/uploads\/2019\/11\/logowtransp-1.png","contentUrl":"https:\/\/www.youmi-lausanne.ch\/wp-content\/uploads\/2019\/11\/logowtransp-1.png","width":551,"height":551,"caption":"Youmi Lausanne"},"image":{"@id":"https:\/\/www.youmi-lausanne.ch\/#\/schema\/logo\/image\/"},"sameAs":["https:\/\/www.facebook.com\/youmilausanne","https:\/\/www.instagram.com\/youmilausanne\/","https:\/\/www.linkedin.com\/company\/youmilausanne"]}]}},"_links":{"self":[{"href":"https:\/\/www.youmi-lausanne.ch\/en\/wp-json\/wp\/v2\/pages\/1680","targetHints":{"allow":["GET"]}}],"collection":[{"href":"https:\/\/www.youmi-lausanne.ch\/en\/wp-json\/wp\/v2\/pages"}],"about":[{"href":"https:\/\/www.youmi-lausanne.ch\/en\/wp-json\/wp\/v2\/types\/page"}],"author":[{"embeddable":true,"href":"https:\/\/www.youmi-lausanne.ch\/en\/wp-json\/wp\/v2\/users\/3"}],"replies":[{"embeddable":true,"href":"https:\/\/www.youmi-lausanne.ch\/en\/wp-json\/wp\/v2\/comments?post=1680"}],"version-history":[{"count":3,"href":"https:\/\/www.youmi-lausanne.ch\/en\/wp-json\/wp\/v2\/pages\/1680\/revisions"}],"predecessor-version":[{"id":1967,"href":"https:\/\/www.youmi-lausanne.ch\/en\/wp-json\/wp\/v2\/pages\/1680\/revisions\/1967"}],"wp:attachment":[{"href":"https:\/\/www.youmi-lausanne.ch\/en\/wp-json\/wp\/v2\/media?parent=1680"}],"wp:term":[{"taxonomy":"category","embeddable":true,"href":"https:\/\/www.youmi-lausanne.ch\/en\/wp-json\/wp\/v2\/categories?post=1680"},{"taxonomy":"post_tag","embeddable":true,"href":"https:\/\/www.youmi-lausanne.ch\/en\/wp-json\/wp\/v2\/tags?post=1680"}],"curies":[{"name":"wp","href":"https:\/\/api.w.org\/{rel}","templated":true}]}}